{"id":9433,"date":"2025-01-31T08:32:10","date_gmt":"2025-01-31T07:32:10","guid":{"rendered":"https:\/\/divainers.com\/producto\/divain-935\/"},"modified":"2026-04-30T09:55:27","modified_gmt":"2026-04-30T07:55:27","slug":"divain-935","status":"publish","type":"product","link":"https:\/\/divainers.com\/et\/producto\/divain-935\/","title":{"rendered":"divain.935"},"content":{"rendered":"<p>Elav ja s\u00e4rav l\u00f5hn, mis \u00e4ratab meeled v\u00e4rskuse ja energia plahvatusega. Esimestest nootidest segunevad apelsini ja sidruni tsitruselised noodid mandariini puudutusega, luues valguse ja eluj\u00f5u tunde, nagu p\u00e4ikesekiir s\u00e4raval p\u00e4eval. Kui l\u00f5hn areneb, lisab jasmiini ja rooside \u00f5rn lilleakord naiselikku pehmust, samal ajal kui soe muskus- ja seedripuu baas loob puiduse aluse, mis tasakaalustab v\u00e4rskust ja \u00f5rnust. See parf\u00fc\u00fcm sobib ideaalselt neile, kes otsivad v\u00e4rskendavat ja r\u00f5\u00f5msat l\u00f5hnaelamust, j\u00e4ttes kergelt v\u00e4rske ja eluj\u00f5ulise j\u00e4lje, ideaalne vabaduse ja optimismi hetkeks.<\/p>\n","protected":false},"excerpt":{"rendered":"<p>Tuletab meelde Chispas de Dana<\/p>\n","protected":false},"featured_media":3215,"comment_status":"open","ping_status":"closed","template":"","meta":[],"product_brand":[],"product_cat":[2316],"product_tag":[2317],"class_list":{"0":"post-9433","1":"product","2":"type-product","3":"status-publish","4":"has-post-thumbnail","6":"product_cat-dana","7":"product_tag-ninos-y-ninas","9":"first","10":"instock","11":"shipping-taxable","12":"product-type-simple"},"_links":{"self":[{"href":"https:\/\/divainers.com\/et\/wp-json\/wp\/v2\/product\/9433","targetHints":{"allow":["GET"]}}],"collection":[{"href":"https:\/\/divainers.com\/et\/wp-json\/wp\/v2\/product"}],"about":[{"href":"https:\/\/divainers.com\/et\/wp-json\/wp\/v2\/types\/product"}],"replies":[{"embeddable":true,"href":"https:\/\/divainers.com\/et\/wp-json\/wp\/v2\/comments?post=9433"}],"wp:featuredmedia":[{"embeddable":true,"href":"https:\/\/divainers.com\/et\/wp-json\/wp\/v2\/media\/3215"}],"wp:attachment":[{"href":"https:\/\/divainers.com\/et\/wp-json\/wp\/v2\/media?parent=9433"}],"wp:term":[{"taxonomy":"product_brand","embeddable":true,"href":"https:\/\/divainers.com\/et\/wp-json\/wp\/v2\/product_brand?post=9433"},{"taxonomy":"product_cat","embeddable":true,"href":"https:\/\/divainers.com\/et\/wp-json\/wp\/v2\/product_cat?post=9433"},{"taxonomy":"product_tag","embeddable":true,"href":"https:\/\/divainers.com\/et\/wp-json\/wp\/v2\/product_tag?post=9433"}],"curies":[{"name":"wp","href":"https:\/\/api.w.org\/{rel}","templated":true}]}}