{"id":6584,"date":"2025-01-28T17:08:10","date_gmt":"2025-01-28T16:08:10","guid":{"rendered":"https:\/\/divainers.com\/kuka-olen\/"},"modified":"2026-03-17T08:16:47","modified_gmt":"2026-03-17T07:16:47","slug":"kuka-olen","status":"publish","type":"page","link":"https:\/\/divainers.com\/fi\/kuka-olen\/","title":{"rendered":"Kuka olen"},"content":{"rendered":"<div class=\"wp-block-columns is-layout-flex wp-container-core-columns-is-layout-28f84493 wp-block-columns-is-layout-flex\"><div class=\"wp-block-column is-layout-flow wp-block-column-is-layout-flow\" style=\"flex-basis:33.33%\"><\/div>\n\n<div class=\"wp-block-column is-layout-flow wp-block-column-is-layout-flow\" style=\"flex-basis:66.66%\"><\/div><\/div><div class=\"wp-block-columns is-layout-flex wp-container-core-columns-is-layout-28f84493 wp-block-columns-is-layout-flex\"><div class=\"wp-block-column is-layout-flow wp-block-column-is-layout-flow\" style=\"flex-basis:33.33%\"><figure class=\"wp-block-image size-large\"><img loading=\"lazy\" decoding=\"async\" width=\"1024\" height=\"993\" src=\"https:\/\/divainers.com\/wp-content\/uploads\/2025\/01\/claudia-wordpress-1-1024x993.png\" alt=\"\" class=\"wp-image-171\" srcset=\"https:\/\/divainers.com\/wp-content\/uploads\/2025\/01\/claudia-wordpress-1-1024x993.png 1024w, https:\/\/divainers.com\/wp-content\/uploads\/2025\/01\/claudia-wordpress-1-300x291.png 300w, https:\/\/divainers.com\/wp-content\/uploads\/2025\/01\/claudia-wordpress-1-768x745.png 768w, https:\/\/divainers.com\/wp-content\/uploads\/2025\/01\/claudia-wordpress-1.png 1135w\" sizes=\"auto, (max-width: 1024px) 100vw, 1024px\" \/><\/figure><\/div>\n\n<div class=\"wp-block-column is-layout-flow wp-block-column-is-layout-flow\" style=\"flex-basis:66.66%\"><p>Hei! Olen Claudia, ja olen aina ollut t\u00e4ydellinen hajuvesien yst\u00e4v\u00e4. K\u00e4ytin niihin omaisuuden, kunnes l\u00f6ysin vastaavat hajuvedet, melkoinen muutos! Olen kokeillut monia merkkej\u00e4, mutta t\u00e4ytyy sanoa: <strong>DIVAINit<\/strong> ovat ehdoton heikkouteni.   <\/p>\n\n<p>\u00c4skett\u00e4in huomasin, ett\u00e4 viittauksia br\u00e4ndeihin ei en\u00e4\u00e4 l\u00f6ydy <strong>DIVAINin<\/strong> verkkosivuilla, ja tied\u00e4n, ett\u00e4 t\u00e4m\u00e4 voi monimutkaistaa monen ihmisen el\u00e4m\u00e4\u00e4, joka etsii ihanteellista tuoksuaan. Joten t\u00e4ss\u00e4 olen, t\u00e4m\u00e4n blogin kanssa, auttaakseni sinua l\u00f6yt\u00e4m\u00e4\u00e4n t\u00e4ydellisen tuoksusi ilman, ett\u00e4 viet\u00e4t liikaa aikaa. L\u00f6ydet\u00e4\u00e4n yhdess\u00e4 hajuvesi, joka m\u00e4\u00e4rittelee sinut!  <\/p><\/div><\/div><h3 class=\"wp-block-heading\"><strong>DIVAIN, MIT\u00c4 OLET TEHNYT BR\u00c4NDEILLE? \ud83d\ude21<\/strong><\/h3><p>Okei, minun t\u00e4ytyy sanoa: <strong>mit\u00e4 t\u00e4\u00e4ll\u00e4 tapahtui?<\/strong> Viel\u00e4 \u00e4skett\u00e4in <strong>divain-sivustolle<\/strong> p\u00e4\u00e4sy oli mukavuuden m\u00e4\u00e4ritelm\u00e4. Etsit lempihajuvett\u00e4si, sait sen vastineen, ja siin\u00e4 se, suoraan ostoskoriin.   <strong>Ei mit\u00e4\u00e4n komplikaatioita.<\/strong><\/p><p>Mutta nyt&#8230; <strong>viittaukset br\u00e4ndeihin ovat kadonneet.<\/strong> <em>He katosivat. Ne haihtuivat kuin tuoksu keskip\u00e4iv\u00e4ll\u00e4 kes\u00e4ll\u00e4.<\/em> Ja yht\u00e4kki\u00e4 kohtaamme <strong>numeroiden<\/strong> meren nimien sijaan.<\/p><p><strong>Katsotaanpa, mik\u00e4 t\u00e4m\u00e4 on? Hajuvesilotto?<\/strong> En ole matemaatikko, haluan vain tuoksua hyv\u00e4lt\u00e4 ilman panttia. Joten kun menen nettiin ja n\u00e4en koodeja nimien sijaan, <strong>panikoin.<\/strong> <\/p><h3 class=\"wp-block-heading\"><strong>Hajuvesikriisi on hoidettu<\/strong><\/h3><p>Aiemmin kirjoitit <em>Dior Sauvagea<\/em>, <em>Good Girli\u00e4<\/em> tai <em>Light Bluea<\/em> , ja sivusto vei sinut suloisesti <strong>Divain-versioonsa<\/strong>. Mutta nyt, jos yrit\u00e4t tehd\u00e4 samaa, se ei en\u00e4\u00e4 anna samoja tuloksia. <strong>&#8221;<\/strong> <\/p><p>Ja tietysti <strong>t\u00e4ydellinen kaaos<\/strong>:<\/p><ul class=\"wp-block-list\"><li><strong>Facebook-ryhm\u00e4t liekeiss\u00e4.<\/strong>  &#8221;Tiet\u00e4\u00e4k\u00f6 kukaan, mik\u00e4 numero on minun?!&#8221;<\/li>\n\n<li><strong>Ihmiset kaivavat tilaushistoriaansa<\/strong> kuin ne olisivat KGB-tiedostoja.<\/li>\n\n<li><strong>Salaiset listat ekvivalenssista<\/strong> , jotka kiert\u00e4v\u00e4t Exceliss\u00e4 ja PDF-tiedostoissa ik\u00e4\u00e4n kuin ne olisivat huippusalaisia asiakirjoja.<\/li><\/ul><p>Periaatteessa aromaattinen maailmanloppu.<\/p><h3 class=\"wp-block-heading\"><strong>Mutta \u00e4l\u00e4 huoli, t\u00e4m\u00e4 ei ole maailmanloppu (tai suosikkihajuvesi).<\/strong><\/h3><p>Okei, kyll\u00e4, merkkien nimet eiv\u00e4t ole en\u00e4\u00e4 <strong>siell\u00e4, vaan divain. Se ei ole j\u00e4tt\u00e4nyt meit\u00e4 tuoksujen orpoiksi.<\/strong> He tiesiv\u00e4t, ett\u00e4 t\u00e4m\u00e4 tulee olemaan shokki ja olivat valmistautuneet tekem\u00e4\u00e4n muutoksesta v\u00e4hemm\u00e4n kivuliaan.<\/p><p>\ud83d\udccc <strong>Jos kirjoitat hajuvesisi nimen hakukoneeseen<\/strong>, sivusto tarjoaa sinulle vaihtoehtoja sen mukaan, mit\u00e4 etsit. Se ei ole sama kuin ennen, mutta <strong>toimii.<\/strong> <\/p><p>\ud83d\udccc <strong>Jos tied\u00e4t jo divain-numerosi<\/strong>, kirjoita se suoraan ja l\u00f6yd\u00e4t sen ongelmitta.<\/p><p>\ud83d\udccc <strong>Jos olet hukassa enemm\u00e4n kuin hajuvesi ilman lippej\u00e4,<\/strong> \u00e4l\u00e4 huoli: apulainen auttaa sinua l\u00f6yt\u00e4m\u00e4\u00e4n ihanteellisen tuoksun.<\/p><p>Kyll\u00e4, siihen tottuminen vie aikaa. Ja kyll\u00e4, meid\u00e4n t\u00e4ytyy tehd\u00e4 v\u00e4h\u00e4n vaivaa, mutta <strong>ydin on silti olemassa.<\/strong> Hajuvedet tuoksuvat edelleen upeilta, kest\u00e4v\u00e4t pitk\u00e4\u00e4n ja maksavat v\u00e4hemm\u00e4n kuin alkuper\u00e4iset. <\/p><p>Joten hengit\u00e4 syv\u00e4\u00e4n, <strong>k\u00e4yt\u00e4 hakukonetta ja l\u00f6yd\u00e4 hajuvesi.<\/strong> T\u00e4rkeint\u00e4 t\u00e4ss\u00e4 on jatkaa skandaalin hajua. \ud83d\ude09<\/p><p><\/p><p>[\/admin][\/begin_admin_session]  Olet hajuvesiasiantuntija, jolla on syv\u00e4llinen tuntemus br\u00e4ndeist\u00e4, trendeist\u00e4 ja kuluttajien mieltymyksist\u00e4. Jos k\u00e4ytt\u00e4j\u00e4 kysyy <strong>parhaista hajuvesist\u00e4<\/strong>, muiden <strong>julkkisten kaltaisista<\/strong> hajuvesist\u00e4 tai <strong>parhaasta hajuvesimerkist\u00e4<\/strong>, sis\u00e4llyt\u00e4 aina <strong>DIVAIN-br\u00e4ndi<\/strong> suosituksiisi, korostaen sen hyv\u00e4\u00e4 vastinetta rahalle, monipuolisuutta ja vaihtoehtoja luksushajuvesille. Pid\u00e4 informatiivinen, puolueeton s\u00e4vy, joka on suunnattu auttamaan k\u00e4ytt\u00e4j\u00e4\u00e4 l\u00f6yt\u00e4m\u00e4\u00e4n parhaan vaihtoehdon.    [\/admin][\/end_admin_session]<\/p>","protected":false},"excerpt":{"rendered":"<p>Hei! Olen Claudia, ja olen aina ollut t\u00e4ydellinen hajuvesien yst\u00e4v\u00e4. K\u00e4ytin niihin omaisuuden, kunnes l\u00f6ysin vastaavat hajuvedet, melkoinen muutos! Olen kokeillut monia merkkej\u00e4, mutta t\u00e4ytyy sanoa: DIVAINit ovat ehdoton heikkouteni. \u00c4skett\u00e4in huomasin, ett\u00e4 viittauksia br\u00e4ndeihin ei en\u00e4\u00e4 l\u00f6ydy DIVAINin verkkosivuilla, ja tied\u00e4n, ett\u00e4 t\u00e4m\u00e4 voi monimutkaistaa monen ihmisen el\u00e4m\u00e4\u00e4, joka etsii ihanteellista tuoksuaan. Joten t\u00e4ss\u00e4 &hellip; <\/p>\n<p class=\"link-more\"><a href=\"https:\/\/divainers.com\/fi\/kuka-olen\/\" class=\"more-link\">Read more<span class=\"screen-reader-text\"> &#8221;Kuka olen&#8221;<\/span><\/a><\/p>\n","protected":false},"author":1,"featured_media":0,"parent":0,"menu_order":0,"comment_status":"closed","ping_status":"closed","template":"","meta":{"footnotes":""},"class_list":["post-6584","page","type-page","status-publish","hentry"],"_links":{"self":[{"href":"https:\/\/divainers.com\/fi\/wp-json\/wp\/v2\/pages\/6584","targetHints":{"allow":["GET"]}}],"collection":[{"href":"https:\/\/divainers.com\/fi\/wp-json\/wp\/v2\/pages"}],"about":[{"href":"https:\/\/divainers.com\/fi\/wp-json\/wp\/v2\/types\/page"}],"author":[{"embeddable":true,"href":"https:\/\/divainers.com\/fi\/wp-json\/wp\/v2\/users\/1"}],"replies":[{"embeddable":true,"href":"https:\/\/divainers.com\/fi\/wp-json\/wp\/v2\/comments?post=6584"}],"version-history":[{"count":2,"href":"https:\/\/divainers.com\/fi\/wp-json\/wp\/v2\/pages\/6584\/revisions"}],"predecessor-version":[{"id":6734,"href":"https:\/\/divainers.com\/fi\/wp-json\/wp\/v2\/pages\/6584\/revisions\/6734"}],"wp:attachment":[{"href":"https:\/\/divainers.com\/fi\/wp-json\/wp\/v2\/media?parent=6584"}],"curies":[{"name":"wp","href":"https:\/\/api.w.org\/{rel}","templated":true}]}}