{"id":1068,"date":"2025-01-31T08:33:22","date_gmt":"2025-01-31T07:33:22","guid":{"rendered":"https:\/\/divainers.com\/producto\/divain-567\/"},"modified":"2026-03-16T16:08:18","modified_gmt":"2026-03-16T15:08:18","slug":"divain-567","status":"publish","type":"product","link":"https:\/\/divainers.com\/fi\/producto\/divain-567\/","title":{"rendered":"divain.567"},"content":{"rendered":"<p>Un aroma sofisticado y sensual que combina la elegancia cl\u00e1sica con una modernidad refinada. Desde la apertura, una mezcla de flores blancas como la frangipani y la flor de azahar aporta una frescura delicada y luminosa. En su coraz\u00f3n, una suave combinaci\u00f3n de ylang-ylang, iris y especias cremosas crea una sensaci\u00f3n floral y c\u00e1lida, mientras que las notas de cuero y s\u00e1ndalo en el fondo aportan una base terrosa y amaderada, con un toque de sensualidad y profundidad. Un perfume ideal para quienes buscan una fragancia floral, especiada y amaderada, perfecta para ocasiones especiales o para aquellos momentos en los que se desea proyectar una presencia sofisticada y femenina.<\/p>\n","protected":false},"excerpt":{"rendered":"<p>Recuerda a La Femme de Prada<\/p>\n","protected":false},"featured_media":2966,"comment_status":"open","ping_status":"closed","template":"","meta":[],"product_brand":[],"product_cat":[866],"product_tag":[1440],"class_list":{"0":"post-1068","1":"product","2":"type-product","3":"status-publish","4":"has-post-thumbnail","6":"product_cat-prada","7":"product_tag-mulheres","9":"first","10":"instock","11":"shipping-taxable","12":"product-type-simple"},"_links":{"self":[{"href":"https:\/\/divainers.com\/fi\/wp-json\/wp\/v2\/product\/1068","targetHints":{"allow":["GET"]}}],"collection":[{"href":"https:\/\/divainers.com\/fi\/wp-json\/wp\/v2\/product"}],"about":[{"href":"https:\/\/divainers.com\/fi\/wp-json\/wp\/v2\/types\/product"}],"replies":[{"embeddable":true,"href":"https:\/\/divainers.com\/fi\/wp-json\/wp\/v2\/comments?post=1068"}],"wp:featuredmedia":[{"embeddable":true,"href":"https:\/\/divainers.com\/fi\/wp-json\/wp\/v2\/media\/2966"}],"wp:attachment":[{"href":"https:\/\/divainers.com\/fi\/wp-json\/wp\/v2\/media?parent=1068"}],"wp:term":[{"taxonomy":"product_brand","embeddable":true,"href":"https:\/\/divainers.com\/fi\/wp-json\/wp\/v2\/product_brand?post=1068"},{"taxonomy":"product_cat","embeddable":true,"href":"https:\/\/divainers.com\/fi\/wp-json\/wp\/v2\/product_cat?post=1068"},{"taxonomy":"product_tag","embeddable":true,"href":"https:\/\/divainers.com\/fi\/wp-json\/wp\/v2\/product_tag?post=1068"}],"curies":[{"name":"wp","href":"https:\/\/api.w.org\/{rel}","templated":true}]}}