{"id":10695,"date":"2025-01-31T08:32:35","date_gmt":"2025-01-31T07:32:35","guid":{"rendered":"https:\/\/divainers.com\/producto\/divain-383\/"},"modified":"2026-04-30T10:46:49","modified_gmt":"2026-04-30T08:46:49","slug":"divain-383","status":"publish","type":"product","link":"https:\/\/divainers.com\/fi\/producto\/divain-383\/","title":{"rendered":"divain.383"},"content":{"rendered":"<p>Rohkea ja viettelev\u00e4 yhdistelm\u00e4, jossa aromaattinen laventeli sulautuu puumaisiin s\u00e4vyihin ja mausteiseen pohjaan. Sen syv\u00e4 ja hieman makea luonne antaa modernin vivahteen menett\u00e4m\u00e4tt\u00e4 klassista ja miehist\u00e4 olemustaan.<\/p>\n","protected":false},"excerpt":{"rendered":"<p>Muistuttaa Drakkar Intense de Guy Laroche<\/p>\n","protected":false},"featured_media":10693,"comment_status":"open","ping_status":"closed","template":"","meta":[],"product_brand":[],"product_cat":[2922],"product_tag":[1344],"class_list":{"0":"post-10695","1":"product","2":"type-product","3":"status-publish","4":"has-post-thumbnail","6":"product_cat-guy-laroche","7":"product_tag-miehet","9":"first","10":"instock","11":"shipping-taxable","12":"product-type-simple"},"_links":{"self":[{"href":"https:\/\/divainers.com\/fi\/wp-json\/wp\/v2\/product\/10695","targetHints":{"allow":["GET"]}}],"collection":[{"href":"https:\/\/divainers.com\/fi\/wp-json\/wp\/v2\/product"}],"about":[{"href":"https:\/\/divainers.com\/fi\/wp-json\/wp\/v2\/types\/product"}],"replies":[{"embeddable":true,"href":"https:\/\/divainers.com\/fi\/wp-json\/wp\/v2\/comments?post=10695"}],"wp:featuredmedia":[{"embeddable":true,"href":"https:\/\/divainers.com\/fi\/wp-json\/wp\/v2\/media\/10693"}],"wp:attachment":[{"href":"https:\/\/divainers.com\/fi\/wp-json\/wp\/v2\/media?parent=10695"}],"wp:term":[{"taxonomy":"product_brand","embeddable":true,"href":"https:\/\/divainers.com\/fi\/wp-json\/wp\/v2\/product_brand?post=10695"},{"taxonomy":"product_cat","embeddable":true,"href":"https:\/\/divainers.com\/fi\/wp-json\/wp\/v2\/product_cat?post=10695"},{"taxonomy":"product_tag","embeddable":true,"href":"https:\/\/divainers.com\/fi\/wp-json\/wp\/v2\/product_tag?post=10695"}],"curies":[{"name":"wp","href":"https:\/\/api.w.org\/{rel}","templated":true}]}}