{"id":1078,"date":"2025-01-31T08:33:24","date_gmt":"2025-01-31T07:33:24","guid":{"rendered":"https:\/\/divainers.com\/producto\/divain-273\/"},"modified":"2026-03-16T16:08:19","modified_gmt":"2026-03-16T15:08:19","slug":"divain-273","status":"publish","type":"product","link":"https:\/\/divainers.com\/fi\/producto\/divain-273\/","title":{"rendered":"divain.273"},"content":{"rendered":"<p>Es una fragancia masculina que evoca sofisticaci\u00f3n y misterio. Con una combinaci\u00f3n de notas frescas de mango y mandarina, se mezcla con la calidez de la madera de guayaco y el s\u00e1ndalo, mientras que las notas de caf\u00e9 y especias le a\u00f1aden profundidad y un toque audaz. Esta fragancia tiene un car\u00e1cter moderno y elegante, perfecta para ocasiones nocturnas o eventos especiales, dando una sensaci\u00f3n de confianza y estilo.<\/p>\n","protected":false},"excerpt":{"rendered":"<p>Recuerda a Polo Black de Ralph Lauren<\/p>\n","protected":false},"featured_media":3738,"comment_status":"open","ping_status":"closed","template":"","meta":[],"product_brand":[],"product_cat":[882],"product_tag":[1342],"class_list":{"0":"post-1078","1":"product","2":"type-product","3":"status-publish","4":"has-post-thumbnail","6":"product_cat-ralph-lauren","7":"product_tag-mehed","9":"first","10":"instock","11":"shipping-taxable","12":"product-type-simple"},"_links":{"self":[{"href":"https:\/\/divainers.com\/fi\/wp-json\/wp\/v2\/product\/1078","targetHints":{"allow":["GET"]}}],"collection":[{"href":"https:\/\/divainers.com\/fi\/wp-json\/wp\/v2\/product"}],"about":[{"href":"https:\/\/divainers.com\/fi\/wp-json\/wp\/v2\/types\/product"}],"replies":[{"embeddable":true,"href":"https:\/\/divainers.com\/fi\/wp-json\/wp\/v2\/comments?post=1078"}],"wp:featuredmedia":[{"embeddable":true,"href":"https:\/\/divainers.com\/fi\/wp-json\/wp\/v2\/media\/3738"}],"wp:attachment":[{"href":"https:\/\/divainers.com\/fi\/wp-json\/wp\/v2\/media?parent=1078"}],"wp:term":[{"taxonomy":"product_brand","embeddable":true,"href":"https:\/\/divainers.com\/fi\/wp-json\/wp\/v2\/product_brand?post=1078"},{"taxonomy":"product_cat","embeddable":true,"href":"https:\/\/divainers.com\/fi\/wp-json\/wp\/v2\/product_cat?post=1078"},{"taxonomy":"product_tag","embeddable":true,"href":"https:\/\/divainers.com\/fi\/wp-json\/wp\/v2\/product_tag?post=1078"}],"curies":[{"name":"wp","href":"https:\/\/api.w.org\/{rel}","templated":true}]}}