{"id":1095,"date":"2025-01-31T08:33:25","date_gmt":"2025-01-31T07:33:25","guid":{"rendered":"https:\/\/divainers.com\/producto\/divain-724\/"},"modified":"2026-03-16T16:08:20","modified_gmt":"2026-03-16T15:08:20","slug":"divain-724","status":"publish","type":"product","link":"https:\/\/divainers.com\/fi\/producto\/divain-724\/","title":{"rendered":"divain.724"},"content":{"rendered":"<p>Es una fragancia fresca y ligera que se caracteriza por su suavidad y elegancia juvenil. Abre con una mezcla de notas frutales y florales, en la que el toque de naranja amarga se fusiona con las notas florales del jazm\u00edn y la rosa. Su coraz\u00f3n tiene un toque dulce, mientras que la base se adereza con notas amaderadas y almizcladas que aportan profundidad. Es una fragancia fresca y sofisticada, perfecta para el d\u00eda a d\u00eda, evocando una sensaci\u00f3n de libertad y ligereza. Ideal para una mujer que busca algo sutil pero con presencia.<\/p>\n","protected":false},"excerpt":{"rendered":"<p>Recuerda a Girl de Rochas<\/p>\n","protected":false},"featured_media":3039,"comment_status":"open","ping_status":"closed","template":"","meta":[],"product_brand":[],"product_cat":[898],"product_tag":[1434],"class_list":{"0":"post-1095","1":"product","2":"type-product","3":"status-publish","4":"has-post-thumbnail","6":"product_cat-rochas","7":"product_tag-zene","9":"first","10":"instock","11":"shipping-taxable","12":"product-type-simple"},"_links":{"self":[{"href":"https:\/\/divainers.com\/fi\/wp-json\/wp\/v2\/product\/1095","targetHints":{"allow":["GET"]}}],"collection":[{"href":"https:\/\/divainers.com\/fi\/wp-json\/wp\/v2\/product"}],"about":[{"href":"https:\/\/divainers.com\/fi\/wp-json\/wp\/v2\/types\/product"}],"replies":[{"embeddable":true,"href":"https:\/\/divainers.com\/fi\/wp-json\/wp\/v2\/comments?post=1095"}],"wp:featuredmedia":[{"embeddable":true,"href":"https:\/\/divainers.com\/fi\/wp-json\/wp\/v2\/media\/3039"}],"wp:attachment":[{"href":"https:\/\/divainers.com\/fi\/wp-json\/wp\/v2\/media?parent=1095"}],"wp:term":[{"taxonomy":"product_brand","embeddable":true,"href":"https:\/\/divainers.com\/fi\/wp-json\/wp\/v2\/product_brand?post=1095"},{"taxonomy":"product_cat","embeddable":true,"href":"https:\/\/divainers.com\/fi\/wp-json\/wp\/v2\/product_cat?post=1095"},{"taxonomy":"product_tag","embeddable":true,"href":"https:\/\/divainers.com\/fi\/wp-json\/wp\/v2\/product_tag?post=1095"}],"curies":[{"name":"wp","href":"https:\/\/api.w.org\/{rel}","templated":true}]}}