{"id":1116,"date":"2025-01-31T08:33:27","date_gmt":"2025-01-31T07:33:27","guid":{"rendered":"https:\/\/divainers.com\/producto\/divain-741\/"},"modified":"2026-04-30T16:12:52","modified_gmt":"2026-04-30T14:12:52","slug":"divain-741","status":"publish","type":"product","link":"https:\/\/divainers.com\/fi\/producto\/divain-741\/","title":{"rendered":"divain.741"},"content":{"rendered":"<p>To je svijetli i blistavi miris koji priziva osje\u0107aj bo\u017eanstvenosti i mo\u0107i. U otvaranju dominira nje\u017enost cvjetnih nota, s jasminom u prvom planu, stvaraju\u0107i osje\u0107aj \u010disto\u0107e i elegancije. Kako se razvija, pojavljuje se mekano srce od ka\u0161mirnog drveta i slatki dodir vanilije, donose\u0107i toplinu i obavijaju\u0107u senzaciju. Note jantara i sandalovine u bazi daju dubinu i dugotrajnu senzualnost, stvaraju\u0107i miris koji je istovremeno sofisticiran i topao, idealan za one koji tra\u017ee ne\u0161to moderno i misti\u010dno.<\/p>\n","protected":false},"excerpt":{"rendered":"<p>Podsje\u0107a na Alien Goddess od Thierry Mugler<\/p>\n","protected":false},"featured_media":15699,"comment_status":"open","ping_status":"closed","template":"","meta":[],"product_brand":[],"product_cat":[3748],"product_tag":[1456],"class_list":{"0":"post-1116","1":"product","2":"type-product","3":"status-publish","4":"has-post-thumbnail","6":"product_cat-thierry-mugler","7":"product_tag-1456","9":"first","10":"instock","11":"shipping-taxable","12":"product-type-simple"},"_links":{"self":[{"href":"https:\/\/divainers.com\/fi\/wp-json\/wp\/v2\/product\/1116","targetHints":{"allow":["GET"]}}],"collection":[{"href":"https:\/\/divainers.com\/fi\/wp-json\/wp\/v2\/product"}],"about":[{"href":"https:\/\/divainers.com\/fi\/wp-json\/wp\/v2\/types\/product"}],"replies":[{"embeddable":true,"href":"https:\/\/divainers.com\/fi\/wp-json\/wp\/v2\/comments?post=1116"}],"wp:featuredmedia":[{"embeddable":true,"href":"https:\/\/divainers.com\/fi\/wp-json\/wp\/v2\/media\/15699"}],"wp:attachment":[{"href":"https:\/\/divainers.com\/fi\/wp-json\/wp\/v2\/media?parent=1116"}],"wp:term":[{"taxonomy":"product_brand","embeddable":true,"href":"https:\/\/divainers.com\/fi\/wp-json\/wp\/v2\/product_brand?post=1116"},{"taxonomy":"product_cat","embeddable":true,"href":"https:\/\/divainers.com\/fi\/wp-json\/wp\/v2\/product_cat?post=1116"},{"taxonomy":"product_tag","embeddable":true,"href":"https:\/\/divainers.com\/fi\/wp-json\/wp\/v2\/product_tag?post=1116"}],"curies":[{"name":"wp","href":"https:\/\/api.w.org\/{rel}","templated":true}]}}