{"id":1128,"date":"2025-01-31T08:33:29","date_gmt":"2025-01-31T07:33:29","guid":{"rendered":"https:\/\/divainers.com\/producto\/divain-334\/"},"modified":"2026-04-30T16:01:07","modified_gmt":"2026-04-30T14:01:07","slug":"divain-334","status":"publish","type":"product","link":"https:\/\/divainers.com\/fi\/producto\/divain-334\/","title":{"rendered":"divain.334"},"content":{"rendered":"<p>Intenzivan i rasko\u0161an miris koji spaja egzoti\u010dne za\u010dine s toplim jantarim notama. Otvara se \u017eivahnim dodirima kardamoma i cimeta, dok u srcu izranja mje\u0161avina ko\u017ee i vanilije. Baza, bogata dubokim drvenim i smolastim notama, daje sofisticirani i zavodljivi karakter, idealan za one koji tra\u017ee sna\u017ean i elegantan dojam.<\/p>\n","protected":false},"excerpt":{"rendered":"<p>Podsje\u0107a na Extreme For Men od Tom Ford<\/p>\n","protected":false},"featured_media":15368,"comment_status":"open","ping_status":"closed","template":"","meta":[],"product_brand":[],"product_cat":[4265],"product_tag":[1341],"class_list":{"0":"post-1128","1":"product","2":"type-product","3":"status-publish","4":"has-post-thumbnail","6":"product_cat-tom-ford","7":"product_tag-muzi","9":"first","10":"instock","11":"shipping-taxable","12":"product-type-simple"},"_links":{"self":[{"href":"https:\/\/divainers.com\/fi\/wp-json\/wp\/v2\/product\/1128","targetHints":{"allow":["GET"]}}],"collection":[{"href":"https:\/\/divainers.com\/fi\/wp-json\/wp\/v2\/product"}],"about":[{"href":"https:\/\/divainers.com\/fi\/wp-json\/wp\/v2\/types\/product"}],"replies":[{"embeddable":true,"href":"https:\/\/divainers.com\/fi\/wp-json\/wp\/v2\/comments?post=1128"}],"wp:featuredmedia":[{"embeddable":true,"href":"https:\/\/divainers.com\/fi\/wp-json\/wp\/v2\/media\/15368"}],"wp:attachment":[{"href":"https:\/\/divainers.com\/fi\/wp-json\/wp\/v2\/media?parent=1128"}],"wp:term":[{"taxonomy":"product_brand","embeddable":true,"href":"https:\/\/divainers.com\/fi\/wp-json\/wp\/v2\/product_brand?post=1128"},{"taxonomy":"product_cat","embeddable":true,"href":"https:\/\/divainers.com\/fi\/wp-json\/wp\/v2\/product_cat?post=1128"},{"taxonomy":"product_tag","embeddable":true,"href":"https:\/\/divainers.com\/fi\/wp-json\/wp\/v2\/product_tag?post=1128"}],"curies":[{"name":"wp","href":"https:\/\/api.w.org\/{rel}","templated":true}]}}