{"id":11284,"date":"2025-01-31T08:33:26","date_gmt":"2025-01-31T07:33:26","guid":{"rendered":"https:\/\/divainers.com\/producto\/divain-544\/"},"modified":"2026-04-30T10:50:00","modified_gmt":"2026-04-30T08:50:00","slug":"divain-544","status":"publish","type":"product","link":"https:\/\/divainers.com\/fi\/producto\/divain-544\/","title":{"rendered":"divain.544"},"content":{"rendered":"<p>Herk\u00e4n ja s\u00e4teilev\u00e4n tuoksun, joka her\u00e4tt\u00e4\u00e4 mieleen hienostuneen eleganssin ja arvokkaan jalokiven raikkauden. Alusta l\u00e4htien raikkaiden sitrusten ja vihreiden lehtien yhdistelm\u00e4 her\u00e4tt\u00e4\u00e4 aistit eloisasti ja virkist\u00e4v\u00e4sti. Syd\u00e4mess\u00e4 kukkakimppu, jossa on ruusua, jasmiinia ja kieloa, tuo pehme\u00e4\u00e4 ja hienostunutta naisellisuutta, kun taas ripaus vadelmaa lis\u00e4\u00e4 kevytt\u00e4 ja hedelm\u00e4ist\u00e4 makeutta. Lopuksi myski, setripuu ja vanilja j\u00e4tt\u00e4v\u00e4t l\u00e4mpim\u00e4n, ymp\u00e4r\u00f6iv\u00e4n ja aistillisen j\u00e4ljen. Ihanteellinen tuoksu niille, jotka etsiv\u00e4t raikasta, kukkaista ja eleganttia tuoksua, t\u00e4ydellinen arkeen tai erityisiin hetkiin t\u00e4ynn\u00e4 valoa ja viehkeytt\u00e4.<\/p>\n","protected":false},"excerpt":{"rendered":"<p>Muistuttaa Aura by Swarovski<\/p>\n","protected":false},"featured_media":11282,"comment_status":"open","ping_status":"closed","template":"","meta":[],"product_brand":[],"product_cat":[3215],"product_tag":[1428],"class_list":{"0":"post-11284","1":"product","2":"type-product","3":"status-publish","4":"has-post-thumbnail","6":"product_cat-swarovski","7":"product_tag-naiset","9":"first","10":"instock","11":"shipping-taxable","12":"product-type-simple"},"_links":{"self":[{"href":"https:\/\/divainers.com\/fi\/wp-json\/wp\/v2\/product\/11284","targetHints":{"allow":["GET"]}}],"collection":[{"href":"https:\/\/divainers.com\/fi\/wp-json\/wp\/v2\/product"}],"about":[{"href":"https:\/\/divainers.com\/fi\/wp-json\/wp\/v2\/types\/product"}],"replies":[{"embeddable":true,"href":"https:\/\/divainers.com\/fi\/wp-json\/wp\/v2\/comments?post=11284"}],"wp:featuredmedia":[{"embeddable":true,"href":"https:\/\/divainers.com\/fi\/wp-json\/wp\/v2\/media\/11282"}],"wp:attachment":[{"href":"https:\/\/divainers.com\/fi\/wp-json\/wp\/v2\/media?parent=11284"}],"wp:term":[{"taxonomy":"product_brand","embeddable":true,"href":"https:\/\/divainers.com\/fi\/wp-json\/wp\/v2\/product_brand?post=11284"},{"taxonomy":"product_cat","embeddable":true,"href":"https:\/\/divainers.com\/fi\/wp-json\/wp\/v2\/product_cat?post=11284"},{"taxonomy":"product_tag","embeddable":true,"href":"https:\/\/divainers.com\/fi\/wp-json\/wp\/v2\/product_tag?post=11284"}],"curies":[{"name":"wp","href":"https:\/\/api.w.org\/{rel}","templated":true}]}}