{"id":1137,"date":"2025-01-31T08:33:31","date_gmt":"2025-01-31T07:33:31","guid":{"rendered":"https:\/\/divainers.com\/producto\/divain-628\/"},"modified":"2026-04-30T16:10:46","modified_gmt":"2026-04-30T14:10:46","slug":"divain-628","status":"publish","type":"product","link":"https:\/\/divainers.com\/fi\/producto\/divain-628\/","title":{"rendered":"divain.628"},"content":{"rendered":"<p>Opulentan, hrabar i iznimno sofisticiran miris koji priziva osje\u0107aj luksuza i bezrezervnog samopouzdanja. Od samog po\u010detka kremaste note badema spajaju se s dodirom lavande, stvaraju\u0107i osje\u0107aj meko\u0107e koji se brzo pretvara u zavodljivu intenzitet. U srcu, ko\u017ea i jantar donose duboku i toplu senzualnost, dok baza od vanilije, tonke i sandalovine ostavlja bogatu, obavijaju\u0107u i duboko elegantnu podlogu. Idealni parfem za one koji tra\u017ee hrabru, bogatu i luksuznu mirisnu notu, savr\u0161en za posebne prilike, glamurozne ve\u010deri ili kad \u017eelite ostaviti impresivan i jedinstven trag pun samopouzdanja i sofisticiranosti.<\/p>\n","protected":false},"excerpt":{"rendered":"<p>Podsje\u0107a na Fucking Fabulous od Tom Ford<\/p>\n","protected":false},"featured_media":15603,"comment_status":"open","ping_status":"closed","template":"","meta":[],"product_brand":[],"product_cat":[4265],"product_tag":[1389],"class_list":{"0":"post-1137","1":"product","2":"type-product","3":"status-publish","4":"has-post-thumbnail","6":"product_cat-tom-ford","7":"product_tag-unisex","9":"first","10":"instock","11":"shipping-taxable","12":"product-type-simple"},"_links":{"self":[{"href":"https:\/\/divainers.com\/fi\/wp-json\/wp\/v2\/product\/1137","targetHints":{"allow":["GET"]}}],"collection":[{"href":"https:\/\/divainers.com\/fi\/wp-json\/wp\/v2\/product"}],"about":[{"href":"https:\/\/divainers.com\/fi\/wp-json\/wp\/v2\/types\/product"}],"replies":[{"embeddable":true,"href":"https:\/\/divainers.com\/fi\/wp-json\/wp\/v2\/comments?post=1137"}],"wp:featuredmedia":[{"embeddable":true,"href":"https:\/\/divainers.com\/fi\/wp-json\/wp\/v2\/media\/15603"}],"wp:attachment":[{"href":"https:\/\/divainers.com\/fi\/wp-json\/wp\/v2\/media?parent=1137"}],"wp:term":[{"taxonomy":"product_brand","embeddable":true,"href":"https:\/\/divainers.com\/fi\/wp-json\/wp\/v2\/product_brand?post=1137"},{"taxonomy":"product_cat","embeddable":true,"href":"https:\/\/divainers.com\/fi\/wp-json\/wp\/v2\/product_cat?post=1137"},{"taxonomy":"product_tag","embeddable":true,"href":"https:\/\/divainers.com\/fi\/wp-json\/wp\/v2\/product_tag?post=1137"}],"curies":[{"name":"wp","href":"https:\/\/api.w.org\/{rel}","templated":true}]}}