{"id":11737,"date":"2025-01-31T08:33:27","date_gmt":"2025-01-31T07:33:27","guid":{"rendered":"https:\/\/divainers.com\/producto\/divain-903\/"},"modified":"2026-04-30T10:53:15","modified_gmt":"2026-04-30T08:53:15","slug":"divain-903","status":"publish","type":"product","link":"https:\/\/divainers.com\/fi\/producto\/divain-903\/","title":{"rendered":"divain.903"},"content":{"rendered":"<p>Hurmaava ja herkk\u00e4 tuoksu, joka her\u00e4tt\u00e4\u00e4 lapsuuden puhtauden eloon raikkaalla ja pehme\u00e4ll\u00e4 sekoituksella kirkkaita sitrushedelmi\u00e4 ja lempeit\u00e4 kukkaisia s\u00e4vyj\u00e4. Alkutuoksu on sitruunan ja makeiden appelsiinien huokaus, joka v\u00e4litt\u00f6m\u00e4sti her\u00e4tt\u00e4\u00e4 aistit nuorekkaan elinvoimaisuuden kera. Kehittyess\u00e4\u00e4n tuoksuun liittyv\u00e4t appelsiininkukan ja jasmiinin s\u00e4vyt tuovat l\u00e4mpim\u00e4n ja hienovaraisen vivahteen, kun mantelin ja vaniljan pohjas\u00e4vy kietoo tuoksun lohduttavaan pehmeyteen j\u00e4tt\u00e4en j\u00e4lkeens\u00e4 makean ja hieman kermaisen tuoksun. T\u00e4m\u00e4 hajuvesi sopii t\u00e4ydellisesti niille, jotka etsiv\u00e4t kevytt\u00e4, raikasta ja hell\u00e4\u00e4 tuoksua, joka heijastaa ensimm\u00e4isten hetkien viattomuutta ja iloa luoden l\u00e4mpim\u00e4n ja raikkaan tunteen, joka pysyy lempe\u00e4sti koko p\u00e4iv\u00e4n.<\/p>\n","protected":false},"excerpt":{"rendered":"<p>Muistuttaa Ptisenbon by Tartine et Chocolat<\/p>\n","protected":false},"featured_media":3193,"comment_status":"open","ping_status":"closed","template":"","meta":[],"product_brand":[],"product_cat":[3449],"product_tag":[2319],"class_list":{"0":"post-11737","1":"product","2":"type-product","3":"status-publish","4":"has-post-thumbnail","6":"product_cat-tartine-et-chocolat","7":"product_tag-ninos-y-ninas","9":"first","10":"instock","11":"shipping-taxable","12":"product-type-simple"},"_links":{"self":[{"href":"https:\/\/divainers.com\/fi\/wp-json\/wp\/v2\/product\/11737","targetHints":{"allow":["GET"]}}],"collection":[{"href":"https:\/\/divainers.com\/fi\/wp-json\/wp\/v2\/product"}],"about":[{"href":"https:\/\/divainers.com\/fi\/wp-json\/wp\/v2\/types\/product"}],"replies":[{"embeddable":true,"href":"https:\/\/divainers.com\/fi\/wp-json\/wp\/v2\/comments?post=11737"}],"wp:featuredmedia":[{"embeddable":true,"href":"https:\/\/divainers.com\/fi\/wp-json\/wp\/v2\/media\/3193"}],"wp:attachment":[{"href":"https:\/\/divainers.com\/fi\/wp-json\/wp\/v2\/media?parent=11737"}],"wp:term":[{"taxonomy":"product_brand","embeddable":true,"href":"https:\/\/divainers.com\/fi\/wp-json\/wp\/v2\/product_brand?post=11737"},{"taxonomy":"product_cat","embeddable":true,"href":"https:\/\/divainers.com\/fi\/wp-json\/wp\/v2\/product_cat?post=11737"},{"taxonomy":"product_tag","embeddable":true,"href":"https:\/\/divainers.com\/fi\/wp-json\/wp\/v2\/product_tag?post=11737"}],"curies":[{"name":"wp","href":"https:\/\/api.w.org\/{rel}","templated":true}]}}