{"id":11776,"date":"2025-01-31T08:33:27","date_gmt":"2025-01-31T07:33:27","guid":{"rendered":"https:\/\/divainers.com\/producto\/divain-781\/"},"modified":"2026-04-30T10:53:24","modified_gmt":"2026-04-30T08:53:24","slug":"divain-781","status":"publish","type":"product","link":"https:\/\/divainers.com\/fi\/producto\/divain-781\/","title":{"rendered":"divain.781"},"content":{"rendered":"<p>T\u00e4m\u00e4 unisex-tuoksu avautuu mausteisena ja sitruksisena, jossa korianteri ja kumina kietoutuvat raikkaiden nuottien kanssa luoden l\u00e4mpim\u00e4n ja hienostuneen tunteen. Syd\u00e4mess\u00e4 setri ja jasmiini tuovat puumaisen ja kukkaisen eleganssin, joka her\u00e4tt\u00e4\u00e4 mieleen autiomaan maisemien rauhan. Pohjatuoksussa patsuli, harmaa meripihka ja hartsi lis\u00e4\u00e4v\u00e4t balsamisen ja maanl\u00e4heisen syvyyden, heijastaen Maghrebin luonnon rikkautta. T\u00e4m\u00e4 koostumus, esitetty ylellisen\u00e4 parfyymiekstraktin konsentraationa, tarjoaa ainutlaatuisen aistiel\u00e4myksen, joka vangitsee autiomaan olemuksen.<\/p>\n","protected":false},"excerpt":{"rendered":"<p>Muistuttaa Au Coeur du D\u00e9sert by Tauer<\/p>\n","protected":false},"featured_media":11774,"comment_status":"open","ping_status":"closed","template":"","meta":[],"product_brand":[],"product_cat":[3468],"product_tag":[1408],"class_list":{"0":"post-11776","1":"product","2":"type-product","3":"status-publish","4":"has-post-thumbnail","6":"product_cat-tauer","7":"product_tag-unisex","9":"first","10":"instock","11":"shipping-taxable","12":"product-type-simple"},"_links":{"self":[{"href":"https:\/\/divainers.com\/fi\/wp-json\/wp\/v2\/product\/11776","targetHints":{"allow":["GET"]}}],"collection":[{"href":"https:\/\/divainers.com\/fi\/wp-json\/wp\/v2\/product"}],"about":[{"href":"https:\/\/divainers.com\/fi\/wp-json\/wp\/v2\/types\/product"}],"replies":[{"embeddable":true,"href":"https:\/\/divainers.com\/fi\/wp-json\/wp\/v2\/comments?post=11776"}],"wp:featuredmedia":[{"embeddable":true,"href":"https:\/\/divainers.com\/fi\/wp-json\/wp\/v2\/media\/11774"}],"wp:attachment":[{"href":"https:\/\/divainers.com\/fi\/wp-json\/wp\/v2\/media?parent=11776"}],"wp:term":[{"taxonomy":"product_brand","embeddable":true,"href":"https:\/\/divainers.com\/fi\/wp-json\/wp\/v2\/product_brand?post=11776"},{"taxonomy":"product_cat","embeddable":true,"href":"https:\/\/divainers.com\/fi\/wp-json\/wp\/v2\/product_cat?post=11776"},{"taxonomy":"product_tag","embeddable":true,"href":"https:\/\/divainers.com\/fi\/wp-json\/wp\/v2\/product_tag?post=11776"}],"curies":[{"name":"wp","href":"https:\/\/api.w.org\/{rel}","templated":true}]}}