{"id":1183,"date":"2025-01-31T08:33:36","date_gmt":"2025-01-31T07:33:36","guid":{"rendered":"https:\/\/divainers.com\/producto\/divain-647\/"},"modified":"2026-04-30T16:11:08","modified_gmt":"2026-04-30T14:11:08","slug":"divain-647","status":"publish","type":"product","link":"https:\/\/divainers.com\/fi\/producto\/divain-647\/","title":{"rendered":"divain.647"},"content":{"rendered":"<p>Svje\u017ei, elegantni i pun karaktera parfem, <em>Voce Viva<\/em> je proslava moderne \u017eenstvenosti. Od otvaranja, vibrantne note mandarine i jasminovih cvjetova spajaju se kako bi stvorile svje\u017ei i blistavi osje\u0107aj koji osvjetljava osjetila. U srcu, cvjetni i nje\u017eni miris naran\u010dinog cvijeta i gardenije isprepli\u0107u se, donose\u0107i sofisticiranu i obavijaju\u0107u \u017eenstvenost. Baza od vanilije i mo\u0161usa daje dubinu i meko\u0107u, stvaraju\u0107i toplu i zavodljivu stazu koja traje s elegancijom.<\/p>\n<p><em>Voce Viva<\/em> je idealan za samouvjerenu \u017eenu koja tra\u017ei miris koji kombinira svje\u017einu, slatko\u0107u i sofisticiranost. Savr\u0161en za svaku priliku, od svakodnevnog \u017eivota do posebnih trenutaka, njegova ravnote\u017ea izme\u0111u cvjetnih, citrusnih i slatkih nota \u010dini ga svestranim i elegantnim parfemom koji ostavlja trajan dojam samopouzdanja i \u017eenstvenosti.<\/p>\n","protected":false},"excerpt":{"rendered":"<p>Podsje\u0107a na Voce Viva od Valentino<\/p>\n","protected":false},"featured_media":15622,"comment_status":"open","ping_status":"closed","template":"","meta":[],"product_brand":[],"product_cat":[4548],"product_tag":[1428],"class_list":{"0":"post-1183","1":"product","2":"type-product","3":"status-publish","4":"has-post-thumbnail","6":"product_cat-valentino","7":"product_tag-naiset","9":"first","10":"instock","11":"shipping-taxable","12":"product-type-simple"},"_links":{"self":[{"href":"https:\/\/divainers.com\/fi\/wp-json\/wp\/v2\/product\/1183","targetHints":{"allow":["GET"]}}],"collection":[{"href":"https:\/\/divainers.com\/fi\/wp-json\/wp\/v2\/product"}],"about":[{"href":"https:\/\/divainers.com\/fi\/wp-json\/wp\/v2\/types\/product"}],"replies":[{"embeddable":true,"href":"https:\/\/divainers.com\/fi\/wp-json\/wp\/v2\/comments?post=1183"}],"wp:featuredmedia":[{"embeddable":true,"href":"https:\/\/divainers.com\/fi\/wp-json\/wp\/v2\/media\/15622"}],"wp:attachment":[{"href":"https:\/\/divainers.com\/fi\/wp-json\/wp\/v2\/media?parent=1183"}],"wp:term":[{"taxonomy":"product_brand","embeddable":true,"href":"https:\/\/divainers.com\/fi\/wp-json\/wp\/v2\/product_brand?post=1183"},{"taxonomy":"product_cat","embeddable":true,"href":"https:\/\/divainers.com\/fi\/wp-json\/wp\/v2\/product_cat?post=1183"},{"taxonomy":"product_tag","embeddable":true,"href":"https:\/\/divainers.com\/fi\/wp-json\/wp\/v2\/product_tag?post=1183"}],"curies":[{"name":"wp","href":"https:\/\/api.w.org\/{rel}","templated":true}]}}