{"id":1202,"date":"2025-01-31T08:33:39","date_gmt":"2025-01-31T07:33:39","guid":{"rendered":"https:\/\/divainers.com\/producto\/divain-166\/"},"modified":"2026-04-30T15:57:54","modified_gmt":"2026-04-30T13:57:54","slug":"divain-166","status":"publish","type":"product","link":"https:\/\/divainers.com\/fi\/producto\/divain-166\/","title":{"rendered":"divain.166"},"content":{"rendered":"<p>Zavodljiv i ovisni\u010dki cvjetni eksploziv koji obavija osjetila svojom sofisticiranom \u017eenstveno\u0161\u0107u. Njegov \u017eivahni po\u010detak s bergamotom i zelenim \u010dajem budi svje\u017eu, blistavu svje\u017einu. U srcu se razvija luksuzni buket jasmina, orhideje, frezije i ru\u017ee koji otkriva svoju zavodljivu i senzualnu eleganciju. U bazi, pa\u010duli i vanilija donose kremastu i toplu meko\u0107u, ostavljaju\u0107i intenzivan i zavodljiv trag, savr\u0161en za samouvjerenu, magnetsku \u017eenu s neodoljivim \u0161armom koja ostavlja dojam gdje god da krene.<\/p>\n","protected":false},"excerpt":{"rendered":"<p>Podsje\u0107a na Flowerbomb od Viktor &#038; Rolf<\/p>\n","protected":false},"featured_media":15232,"comment_status":"open","ping_status":"closed","template":"","meta":[],"product_brand":[],"product_cat":[4601],"product_tag":[1428],"class_list":{"0":"post-1202","1":"product","2":"type-product","3":"status-publish","4":"has-post-thumbnail","6":"product_cat-viktor-rolf","7":"product_tag-naiset","9":"first","10":"instock","11":"shipping-taxable","12":"product-type-simple"},"_links":{"self":[{"href":"https:\/\/divainers.com\/fi\/wp-json\/wp\/v2\/product\/1202","targetHints":{"allow":["GET"]}}],"collection":[{"href":"https:\/\/divainers.com\/fi\/wp-json\/wp\/v2\/product"}],"about":[{"href":"https:\/\/divainers.com\/fi\/wp-json\/wp\/v2\/types\/product"}],"replies":[{"embeddable":true,"href":"https:\/\/divainers.com\/fi\/wp-json\/wp\/v2\/comments?post=1202"}],"wp:featuredmedia":[{"embeddable":true,"href":"https:\/\/divainers.com\/fi\/wp-json\/wp\/v2\/media\/15232"}],"wp:attachment":[{"href":"https:\/\/divainers.com\/fi\/wp-json\/wp\/v2\/media?parent=1202"}],"wp:term":[{"taxonomy":"product_brand","embeddable":true,"href":"https:\/\/divainers.com\/fi\/wp-json\/wp\/v2\/product_brand?post=1202"},{"taxonomy":"product_cat","embeddable":true,"href":"https:\/\/divainers.com\/fi\/wp-json\/wp\/v2\/product_cat?post=1202"},{"taxonomy":"product_tag","embeddable":true,"href":"https:\/\/divainers.com\/fi\/wp-json\/wp\/v2\/product_tag?post=1202"}],"curies":[{"name":"wp","href":"https:\/\/api.w.org\/{rel}","templated":true}]}}