{"id":12316,"date":"2025-01-31T08:33:27","date_gmt":"2025-01-31T07:33:27","guid":{"rendered":"https:\/\/divainers.com\/producto\/divain-036\/"},"modified":"2026-04-30T10:56:41","modified_gmt":"2026-04-30T08:56:41","slug":"divain-036","status":"publish","type":"product","link":"https:\/\/divainers.com\/fi\/producto\/divain-036\/","title":{"rendered":"divain.036"},"content":{"rendered":"<p>Voimakas ja avantgardistinen tuoksu, joka yhdist\u00e4\u00e4 intensiteetin ja hienostuneisuuden unohtumattomaksi kokonaisuudeksi. Sen raikas avaus mintun ja laventelin s\u00e4vyill\u00e4 tuo raikkautta, kun koukuttava syd\u00e4n kahvista ja karamellista lis\u00e4\u00e4 makean ja mausteisen vivahteen, luoden l\u00e4mpim\u00e4n ja ymp\u00e4r\u00f6iv\u00e4n tunteen. Pohjalla patsuli, myski ja vanilja vahvistavat sen syv\u00e4\u00e4 ja magneettista luonnetta, j\u00e4tt\u00e4en intensiivisen ja pitk\u00e4kestoisen j\u00e4ljen. T\u00e4ydellinen rohkealle ja karismaattiselle miehelle, joka etsii ainutlaatuista ja persoonallista tuoksua.<\/p>\n","protected":false},"excerpt":{"rendered":"<p>Muistuttaa A*Men by Thierry Mugler<\/p>\n","protected":false},"featured_media":12313,"comment_status":"open","ping_status":"closed","template":"","meta":[],"product_brand":[],"product_cat":[3740],"product_tag":[1344],"class_list":{"0":"post-12316","1":"product","2":"type-product","3":"status-publish","4":"has-post-thumbnail","6":"product_cat-thierry-mugler","7":"product_tag-miehet","9":"first","10":"instock","11":"shipping-taxable","12":"product-type-simple"},"_links":{"self":[{"href":"https:\/\/divainers.com\/fi\/wp-json\/wp\/v2\/product\/12316","targetHints":{"allow":["GET"]}}],"collection":[{"href":"https:\/\/divainers.com\/fi\/wp-json\/wp\/v2\/product"}],"about":[{"href":"https:\/\/divainers.com\/fi\/wp-json\/wp\/v2\/types\/product"}],"replies":[{"embeddable":true,"href":"https:\/\/divainers.com\/fi\/wp-json\/wp\/v2\/comments?post=12316"}],"wp:featuredmedia":[{"embeddable":true,"href":"https:\/\/divainers.com\/fi\/wp-json\/wp\/v2\/media\/12313"}],"wp:attachment":[{"href":"https:\/\/divainers.com\/fi\/wp-json\/wp\/v2\/media?parent=12316"}],"wp:term":[{"taxonomy":"product_brand","embeddable":true,"href":"https:\/\/divainers.com\/fi\/wp-json\/wp\/v2\/product_brand?post=12316"},{"taxonomy":"product_cat","embeddable":true,"href":"https:\/\/divainers.com\/fi\/wp-json\/wp\/v2\/product_cat?post=12316"},{"taxonomy":"product_tag","embeddable":true,"href":"https:\/\/divainers.com\/fi\/wp-json\/wp\/v2\/product_tag?post=12316"}],"curies":[{"name":"wp","href":"https:\/\/api.w.org\/{rel}","templated":true}]}}