{"id":355,"date":"2025-01-31T08:31:53","date_gmt":"2025-01-31T07:31:53","guid":{"rendered":"https:\/\/divainers.com\/producto\/divain-673\/"},"modified":"2026-04-30T16:20:54","modified_gmt":"2026-04-30T14:20:54","slug":"divain-673","status":"publish","type":"product","link":"https:\/\/divainers.com\/fi\/producto\/divain-673\/","title":{"rendered":"divain.673"},"content":{"rendered":"<p>Komplexn\u00ed a obklopuj\u00edc\u00ed v\u016fn\u011b, kter\u00e1 zachycuje podstatu luxusu a sofistikovanosti v ka\u017ed\u00e9m akordu. Od prvn\u00edho n\u00e1stupu se rozv\u00edj\u00ed zaj\u00edmav\u00e1 sm\u011bs ko\u0159en\u00ed a ovoce, s t\u00f3ny pep\u0159e a bergamotu, kter\u00e9 p\u0159ech\u00e1zej\u00ed do kv\u011btinov\u00e9ho a d\u0159evit\u00e9ho srdce, kde se jasm\u00edn kombinuje s jemn\u00fdmi doteky cedrov\u00e9ho d\u0159eva a vetiveru. Jak v\u016fn\u011b dozr\u00e1v\u00e1, odhaluje se hlubok\u00fd z\u00e1klad z jantaru a k\u016f\u017ee, kter\u00fd p\u0159in\u00e1\u0161\u00ed temnou a tajemnou smyslnost. V\u016fn\u011b, kter\u00e1 vynik\u00e1 svou bohatost\u00ed a charakterem, ide\u00e1ln\u00ed pro ty, kte\u0159\u00ed hledaj\u00ed jedine\u010dn\u00fd a elegantn\u00ed z\u00e1\u017eitek, perfektn\u00ed na ve\u010der nebo p\u0159\u00edle\u017eitosti vy\u017eaduj\u00edc\u00ed p\u0159\u00edtomnost a sofistikovanost.<\/p>\n","protected":false},"excerpt":{"rendered":"<p>P\u0159ipom\u00edn\u00e1 Complex od Boadicea The Victorious<\/p>\n","protected":false},"featured_media":15925,"comment_status":"open","ping_status":"closed","template":"","meta":[],"product_brand":[],"product_cat":[1811],"product_tag":[1402],"class_list":{"0":"post-355","1":"product","2":"type-product","3":"status-publish","4":"has-post-thumbnail","6":"product_cat-boadicea-the-victorious","7":"product_tag-unisex","9":"first","10":"instock","11":"shipping-taxable","12":"product-type-simple"},"_links":{"self":[{"href":"https:\/\/divainers.com\/fi\/wp-json\/wp\/v2\/product\/355","targetHints":{"allow":["GET"]}}],"collection":[{"href":"https:\/\/divainers.com\/fi\/wp-json\/wp\/v2\/product"}],"about":[{"href":"https:\/\/divainers.com\/fi\/wp-json\/wp\/v2\/types\/product"}],"replies":[{"embeddable":true,"href":"https:\/\/divainers.com\/fi\/wp-json\/wp\/v2\/comments?post=355"}],"wp:featuredmedia":[{"embeddable":true,"href":"https:\/\/divainers.com\/fi\/wp-json\/wp\/v2\/media\/15925"}],"wp:attachment":[{"href":"https:\/\/divainers.com\/fi\/wp-json\/wp\/v2\/media?parent=355"}],"wp:term":[{"taxonomy":"product_brand","embeddable":true,"href":"https:\/\/divainers.com\/fi\/wp-json\/wp\/v2\/product_brand?post=355"},{"taxonomy":"product_cat","embeddable":true,"href":"https:\/\/divainers.com\/fi\/wp-json\/wp\/v2\/product_cat?post=355"},{"taxonomy":"product_tag","embeddable":true,"href":"https:\/\/divainers.com\/fi\/wp-json\/wp\/v2\/product_tag?post=355"}],"curies":[{"name":"wp","href":"https:\/\/api.w.org\/{rel}","templated":true}]}}