{"id":3870,"date":"2025-07-07T10:33:38","date_gmt":"2025-07-07T08:33:38","guid":{"rendered":"https:\/\/divainers.com\/?post_type=product&#038;p=3870"},"modified":"2026-03-16T16:08:35","modified_gmt":"2026-03-16T15:08:35","slug":"divain-488","status":"publish","type":"product","link":"https:\/\/divainers.com\/fi\/producto\/divain-488\/","title":{"rendered":"divain.488"},"content":{"rendered":"<p><span class=\"relative -mx-px my-[-0.2rem] rounded px-px py-[0.2rem] transition-colors duration-100 ease-in-out\">Imagina una fragancia opulenta y majestuosa, donde una apertura vibrante y especiada pronto se funde con un coraz\u00f3n floral suavizado por toques ambarinos y una base de oud cremoso y maderas nobles. Destaca por su proyecci\u00f3n poderosa y una longevidad excepcional que permanece en el aire durante horas. De car\u00e1cter refinado pero impactante, es perfecta para quienes desean una esencia sofisticada, distintiva y llena de presencia en momentos especiales. For the bold.<\/span><\/p>\n","protected":false},"excerpt":{"rendered":"<p>Recuerda a Alexandria II de Xerjoff<\/p>\n","protected":false},"featured_media":3871,"comment_status":"closed","ping_status":"closed","template":"","meta":[],"product_brand":[],"product_cat":[1033],"product_tag":[],"class_list":{"0":"post-3870","1":"product","2":"type-product","3":"status-publish","4":"has-post-thumbnail","6":"product_cat-xerjoff","8":"first","9":"instock","10":"shipping-taxable","11":"product-type-simple"},"_links":{"self":[{"href":"https:\/\/divainers.com\/fi\/wp-json\/wp\/v2\/product\/3870","targetHints":{"allow":["GET"]}}],"collection":[{"href":"https:\/\/divainers.com\/fi\/wp-json\/wp\/v2\/product"}],"about":[{"href":"https:\/\/divainers.com\/fi\/wp-json\/wp\/v2\/types\/product"}],"replies":[{"embeddable":true,"href":"https:\/\/divainers.com\/fi\/wp-json\/wp\/v2\/comments?post=3870"}],"wp:featuredmedia":[{"embeddable":true,"href":"https:\/\/divainers.com\/fi\/wp-json\/wp\/v2\/media\/3871"}],"wp:attachment":[{"href":"https:\/\/divainers.com\/fi\/wp-json\/wp\/v2\/media?parent=3870"}],"wp:term":[{"taxonomy":"product_brand","embeddable":true,"href":"https:\/\/divainers.com\/fi\/wp-json\/wp\/v2\/product_brand?post=3870"},{"taxonomy":"product_cat","embeddable":true,"href":"https:\/\/divainers.com\/fi\/wp-json\/wp\/v2\/product_cat?post=3870"},{"taxonomy":"product_tag","embeddable":true,"href":"https:\/\/divainers.com\/fi\/wp-json\/wp\/v2\/product_tag?post=3870"}],"curies":[{"name":"wp","href":"https:\/\/api.w.org\/{rel}","templated":true}]}}