{"id":434,"date":"2025-01-31T08:32:02","date_gmt":"2025-01-31T07:32:02","guid":{"rendered":"https:\/\/divainers.com\/producto\/divain-011\/"},"modified":"2026-03-16T16:07:21","modified_gmt":"2026-03-16T15:07:21","slug":"divain-011","status":"publish","type":"product","link":"https:\/\/divainers.com\/fi\/producto\/divain-011\/","title":{"rendered":"divain.011"},"content":{"rendered":"<p>Un aroma exclusivo y vibrante que encarna el esp\u00edritu de la fiesta y el lujo. Su apertura fresca y especiada, con notas de lima y caviar, da paso a un coraz\u00f3n seductor de vodka helado y menta, creando una sensaci\u00f3n energizante y magn\u00e9tica. En el fondo, el \u00e1mbar y la madera realzan su calidez y profundidad, dejando una estela irresistiblemente sofisticada. Perfecto para el hombre carism\u00e1tico que siempre est\u00e1 en el centro de la acci\u00f3n.<\/p>\n","protected":false},"excerpt":{"rendered":"<p>Recuerda a 212 VIP Men de Carolina Herrera<\/p>\n","protected":false},"featured_media":3440,"comment_status":"open","ping_status":"closed","template":"","meta":[],"product_brand":[],"product_cat":[1532],"product_tag":[1343],"class_list":{"0":"post-434","1":"product","2":"type-product","3":"status-publish","4":"has-post-thumbnail","6":"product_cat-carolina-herrera","7":"product_tag-hommes","9":"first","10":"instock","11":"shipping-taxable","12":"product-type-simple"},"_links":{"self":[{"href":"https:\/\/divainers.com\/fi\/wp-json\/wp\/v2\/product\/434","targetHints":{"allow":["GET"]}}],"collection":[{"href":"https:\/\/divainers.com\/fi\/wp-json\/wp\/v2\/product"}],"about":[{"href":"https:\/\/divainers.com\/fi\/wp-json\/wp\/v2\/types\/product"}],"replies":[{"embeddable":true,"href":"https:\/\/divainers.com\/fi\/wp-json\/wp\/v2\/comments?post=434"}],"wp:featuredmedia":[{"embeddable":true,"href":"https:\/\/divainers.com\/fi\/wp-json\/wp\/v2\/media\/3440"}],"wp:attachment":[{"href":"https:\/\/divainers.com\/fi\/wp-json\/wp\/v2\/media?parent=434"}],"wp:term":[{"taxonomy":"product_brand","embeddable":true,"href":"https:\/\/divainers.com\/fi\/wp-json\/wp\/v2\/product_brand?post=434"},{"taxonomy":"product_cat","embeddable":true,"href":"https:\/\/divainers.com\/fi\/wp-json\/wp\/v2\/product_cat?post=434"},{"taxonomy":"product_tag","embeddable":true,"href":"https:\/\/divainers.com\/fi\/wp-json\/wp\/v2\/product_tag?post=434"}],"curies":[{"name":"wp","href":"https:\/\/api.w.org\/{rel}","templated":true}]}}