{"id":511,"date":"2025-01-31T08:32:12","date_gmt":"2025-01-31T07:32:12","guid":{"rendered":"https:\/\/divainers.com\/producto\/divain-143\/"},"modified":"2026-03-16T16:07:28","modified_gmt":"2026-03-16T15:07:28","slug":"divain-143","status":"publish","type":"product","link":"https:\/\/divainers.com\/fi\/producto\/divain-143\/","title":{"rendered":"divain.143"},"content":{"rendered":"<p>Un aroma hipn\u00f3tico y seductor que captura la dualidad de la inocencia y la tentaci\u00f3n. Su apertura luminosa de bergamota y naranja aporta una frescura chispeante y vibrante. En el coraz\u00f3n, el jazm\u00edn y la gardenia despliegan una feminidad envolvente y sensual, creando un aura magn\u00e9tica e irresistible. En el fondo, el s\u00e1ndalo, el \u00e1mbar y el almizcle blanco dejan una estela c\u00e1lida, cremosa y adictiva, perfecta para la mujer elegante, misteriosa y con un encanto cautivador que deja huella a su paso.<\/p>\n","protected":false},"excerpt":{"rendered":"<p>Recuerda a Pure Poison de Dior<\/p>\n","protected":false},"featured_media":3627,"comment_status":"open","ping_status":"closed","template":"","meta":[],"product_brand":[],"product_cat":[2406],"product_tag":[1450],"class_list":{"0":"post-511","1":"product","2":"type-product","3":"status-publish","4":"has-post-thumbnail","6":"product_cat-dior","7":"product_tag-femei","9":"first","10":"instock","11":"shipping-taxable","12":"product-type-simple"},"_links":{"self":[{"href":"https:\/\/divainers.com\/fi\/wp-json\/wp\/v2\/product\/511","targetHints":{"allow":["GET"]}}],"collection":[{"href":"https:\/\/divainers.com\/fi\/wp-json\/wp\/v2\/product"}],"about":[{"href":"https:\/\/divainers.com\/fi\/wp-json\/wp\/v2\/types\/product"}],"replies":[{"embeddable":true,"href":"https:\/\/divainers.com\/fi\/wp-json\/wp\/v2\/comments?post=511"}],"wp:featuredmedia":[{"embeddable":true,"href":"https:\/\/divainers.com\/fi\/wp-json\/wp\/v2\/media\/3627"}],"wp:attachment":[{"href":"https:\/\/divainers.com\/fi\/wp-json\/wp\/v2\/media?parent=511"}],"wp:term":[{"taxonomy":"product_brand","embeddable":true,"href":"https:\/\/divainers.com\/fi\/wp-json\/wp\/v2\/product_brand?post=511"},{"taxonomy":"product_cat","embeddable":true,"href":"https:\/\/divainers.com\/fi\/wp-json\/wp\/v2\/product_cat?post=511"},{"taxonomy":"product_tag","embeddable":true,"href":"https:\/\/divainers.com\/fi\/wp-json\/wp\/v2\/product_tag?post=511"}],"curies":[{"name":"wp","href":"https:\/\/api.w.org\/{rel}","templated":true}]}}