{"id":5209,"date":"2025-11-21T09:32:29","date_gmt":"2025-11-21T08:32:29","guid":{"rendered":"https:\/\/divainers.com\/?post_type=product&#038;p=5209"},"modified":"2026-04-30T15:56:12","modified_gmt":"2026-04-30T13:56:12","slug":"divain-1304","status":"publish","type":"product","link":"https:\/\/divainers.com\/fi\/producto\/divain-1304\/","title":{"rendered":"divain.1304"},"content":{"rendered":"<p>O\u010darava intenzivnom i zavodljivom aurom, s modernim i sigurnim karakterom koji prenosi eleganciju i snagu. Magneti\u010dan i sofisticiran miris, savr\u0161en za one koji \u017eele ostaviti nezaboravan dojam s osobno\u0161\u0107u i stilom.<\/p>\n","protected":false},"excerpt":{"rendered":"<p>Podsje\u0107a na MYSLF L&#8217;Absolu od Yves Saint Laurent<\/p>\n","protected":false},"featured_media":15194,"comment_status":"open","ping_status":"closed","template":"","meta":[],"product_brand":[],"product_cat":[2243],"product_tag":[1360],"class_list":{"0":"post-5209","1":"product","2":"type-product","3":"status-publish","4":"has-post-thumbnail","6":"product_cat-yves-saint-laurent","7":"product_tag-muskarci","9":"first","10":"instock","11":"shipping-taxable","12":"product-type-simple"},"_links":{"self":[{"href":"https:\/\/divainers.com\/fi\/wp-json\/wp\/v2\/product\/5209","targetHints":{"allow":["GET"]}}],"collection":[{"href":"https:\/\/divainers.com\/fi\/wp-json\/wp\/v2\/product"}],"about":[{"href":"https:\/\/divainers.com\/fi\/wp-json\/wp\/v2\/types\/product"}],"replies":[{"embeddable":true,"href":"https:\/\/divainers.com\/fi\/wp-json\/wp\/v2\/comments?post=5209"}],"wp:featuredmedia":[{"embeddable":true,"href":"https:\/\/divainers.com\/fi\/wp-json\/wp\/v2\/media\/15194"}],"wp:attachment":[{"href":"https:\/\/divainers.com\/fi\/wp-json\/wp\/v2\/media?parent=5209"}],"wp:term":[{"taxonomy":"product_brand","embeddable":true,"href":"https:\/\/divainers.com\/fi\/wp-json\/wp\/v2\/product_brand?post=5209"},{"taxonomy":"product_cat","embeddable":true,"href":"https:\/\/divainers.com\/fi\/wp-json\/wp\/v2\/product_cat?post=5209"},{"taxonomy":"product_tag","embeddable":true,"href":"https:\/\/divainers.com\/fi\/wp-json\/wp\/v2\/product_tag?post=5209"}],"curies":[{"name":"wp","href":"https:\/\/api.w.org\/{rel}","templated":true}]}}