{"id":582,"date":"2025-01-31T08:32:20","date_gmt":"2025-01-31T07:32:20","guid":{"rendered":"https:\/\/divainers.com\/producto\/divain-088\/"},"modified":"2026-03-16T16:07:33","modified_gmt":"2026-03-16T15:07:33","slug":"divain-088","status":"publish","type":"product","link":"https:\/\/divainers.com\/fi\/producto\/divain-088\/","title":{"rendered":"divain.088"},"content":{"rendered":"<p>Un aroma vibrante y ex\u00f3tico que irradia energ\u00eda, frescura y una feminidad audaz. Su apertura jugosa de kiwi, ruibarbo y sand\u00eda aporta una explosi\u00f3n afrutada y chispeante. En el coraz\u00f3n, la peon\u00eda rosa y el jazm\u00edn envuelven la fragancia en una suavidad floral elegante y luminosa. En el fondo, el almizcle y las maderas suaves crean una estela sensual y envolvente, perfecta para la mujer carism\u00e1tica, segura de s\u00ed misma y con un esp\u00edritu libre que brilla con luz propia.<\/p>\n","protected":false},"excerpt":{"rendered":"<p>Recuerda a D&amp;G Anthology L\u2019Imp\u00e9ratrice 3 de Dolce &amp; Gabbana<\/p>\n","protected":false},"featured_media":3454,"comment_status":"open","ping_status":"closed","template":"","meta":[],"product_brand":[],"product_cat":[1489],"product_tag":[1424],"class_list":{"0":"post-582","1":"product","2":"type-product","3":"status-publish","4":"has-post-thumbnail","6":"product_cat-dolce-gabbana","7":"product_tag-femmes","9":"first","10":"instock","11":"shipping-taxable","12":"product-type-simple"},"_links":{"self":[{"href":"https:\/\/divainers.com\/fi\/wp-json\/wp\/v2\/product\/582","targetHints":{"allow":["GET"]}}],"collection":[{"href":"https:\/\/divainers.com\/fi\/wp-json\/wp\/v2\/product"}],"about":[{"href":"https:\/\/divainers.com\/fi\/wp-json\/wp\/v2\/types\/product"}],"replies":[{"embeddable":true,"href":"https:\/\/divainers.com\/fi\/wp-json\/wp\/v2\/comments?post=582"}],"wp:featuredmedia":[{"embeddable":true,"href":"https:\/\/divainers.com\/fi\/wp-json\/wp\/v2\/media\/3454"}],"wp:attachment":[{"href":"https:\/\/divainers.com\/fi\/wp-json\/wp\/v2\/media?parent=582"}],"wp:term":[{"taxonomy":"product_brand","embeddable":true,"href":"https:\/\/divainers.com\/fi\/wp-json\/wp\/v2\/product_brand?post=582"},{"taxonomy":"product_cat","embeddable":true,"href":"https:\/\/divainers.com\/fi\/wp-json\/wp\/v2\/product_cat?post=582"},{"taxonomy":"product_tag","embeddable":true,"href":"https:\/\/divainers.com\/fi\/wp-json\/wp\/v2\/product_tag?post=582"}],"curies":[{"name":"wp","href":"https:\/\/api.w.org\/{rel}","templated":true}]}}