{"id":662,"date":"2025-01-31T08:32:31","date_gmt":"2025-01-31T07:32:31","guid":{"rendered":"https:\/\/divainers.com\/producto\/divain-591\/"},"modified":"2026-03-16T16:07:40","modified_gmt":"2026-03-16T15:07:40","slug":"divain-591","status":"publish","type":"product","link":"https:\/\/divainers.com\/fi\/producto\/divain-591\/","title":{"rendered":"divain.591"},"content":{"rendered":"<p>Un aroma audaz, sofisticado y misterioso que invita a desafiar los l\u00edmites con una feminidad intensa y magn\u00e9tica. Desde la apertura, la frescura chispeante de la bergamota y la pera crea una entrada luminosa y vibrante. En su coraz\u00f3n, un bouquet opulento de flor de azahar, jazm\u00edn y nardo aporta una sensualidad embriagadora y elegante. Finalmente, el fondo oscuro y adictivo de vetiver, pachul\u00ed y vainilla envuelve la fragancia con un contraste cautivador entre luz y sombra. Un perfume ideal para quienes buscan una fragancia floral blanca con un toque amaderado y especiado, perfecta para noches especiales o para quienes desean destacar con un aura de misterio, sofisticaci\u00f3n y atrevimiento.<\/p>\n","protected":false},"excerpt":{"rendered":"<p>Recuerda a L&#8217;Interdit de Givenchy<\/p>\n","protected":false},"featured_media":3401,"comment_status":"open","ping_status":"closed","template":"","meta":[],"product_brand":[],"product_cat":[408],"product_tag":[1454],"class_list":{"0":"post-662","1":"product","2":"type-product","3":"status-publish","4":"has-post-thumbnail","6":"product_cat-givenchy","7":"product_tag-nok","9":"first","10":"instock","11":"shipping-taxable","12":"product-type-simple"},"_links":{"self":[{"href":"https:\/\/divainers.com\/fi\/wp-json\/wp\/v2\/product\/662","targetHints":{"allow":["GET"]}}],"collection":[{"href":"https:\/\/divainers.com\/fi\/wp-json\/wp\/v2\/product"}],"about":[{"href":"https:\/\/divainers.com\/fi\/wp-json\/wp\/v2\/types\/product"}],"replies":[{"embeddable":true,"href":"https:\/\/divainers.com\/fi\/wp-json\/wp\/v2\/comments?post=662"}],"wp:featuredmedia":[{"embeddable":true,"href":"https:\/\/divainers.com\/fi\/wp-json\/wp\/v2\/media\/3401"}],"wp:attachment":[{"href":"https:\/\/divainers.com\/fi\/wp-json\/wp\/v2\/media?parent=662"}],"wp:term":[{"taxonomy":"product_brand","embeddable":true,"href":"https:\/\/divainers.com\/fi\/wp-json\/wp\/v2\/product_brand?post=662"},{"taxonomy":"product_cat","embeddable":true,"href":"https:\/\/divainers.com\/fi\/wp-json\/wp\/v2\/product_cat?post=662"},{"taxonomy":"product_tag","embeddable":true,"href":"https:\/\/divainers.com\/fi\/wp-json\/wp\/v2\/product_tag?post=662"}],"curies":[{"name":"wp","href":"https:\/\/api.w.org\/{rel}","templated":true}]}}