{"id":695,"date":"2025-01-31T08:32:35","date_gmt":"2025-01-31T07:32:35","guid":{"rendered":"https:\/\/divainers.com\/producto\/divain-039\/"},"modified":"2026-03-16T16:07:43","modified_gmt":"2026-03-16T15:07:43","slug":"divain-039","status":"publish","type":"product","link":"https:\/\/divainers.com\/fi\/producto\/divain-039\/","title":{"rendered":"divain.039"},"content":{"rendered":"<p>Un aroma elegante y sofisticado que conecta la frescura c\u00edtrica con la profundidad terrosa en una composici\u00f3n \u00fanica. Su apertura vibrante de naranja y pomelo aporta una energ\u00eda luminosa y chispeante, mientras un coraz\u00f3n de pimienta y geranio a\u00f1ade un toque especiado y refinado. En el fondo, el vetiver, el cedro y el benju\u00ed crean una estela c\u00e1lida, amaderada y envolvente, perfecta para el hombre que irradia confianza, car\u00e1cter y una conexi\u00f3n aut\u00e9ntica con la naturaleza.<\/p>\n","protected":false},"excerpt":{"rendered":"<p>Recuerda a Terre de Herm\u00e8s<\/p>\n","protected":false},"featured_media":3352,"comment_status":"open","ping_status":"closed","template":"","meta":[],"product_brand":[],"product_cat":[454],"product_tag":[1343],"class_list":{"0":"post-695","1":"product","2":"type-product","3":"status-publish","4":"has-post-thumbnail","6":"product_cat-hermes","7":"product_tag-hommes","9":"first","10":"instock","11":"shipping-taxable","12":"product-type-simple"},"_links":{"self":[{"href":"https:\/\/divainers.com\/fi\/wp-json\/wp\/v2\/product\/695","targetHints":{"allow":["GET"]}}],"collection":[{"href":"https:\/\/divainers.com\/fi\/wp-json\/wp\/v2\/product"}],"about":[{"href":"https:\/\/divainers.com\/fi\/wp-json\/wp\/v2\/types\/product"}],"replies":[{"embeddable":true,"href":"https:\/\/divainers.com\/fi\/wp-json\/wp\/v2\/comments?post=695"}],"wp:featuredmedia":[{"embeddable":true,"href":"https:\/\/divainers.com\/fi\/wp-json\/wp\/v2\/media\/3352"}],"wp:attachment":[{"href":"https:\/\/divainers.com\/fi\/wp-json\/wp\/v2\/media?parent=695"}],"wp:term":[{"taxonomy":"product_brand","embeddable":true,"href":"https:\/\/divainers.com\/fi\/wp-json\/wp\/v2\/product_brand?post=695"},{"taxonomy":"product_cat","embeddable":true,"href":"https:\/\/divainers.com\/fi\/wp-json\/wp\/v2\/product_cat?post=695"},{"taxonomy":"product_tag","embeddable":true,"href":"https:\/\/divainers.com\/fi\/wp-json\/wp\/v2\/product_tag?post=695"}],"curies":[{"name":"wp","href":"https:\/\/api.w.org\/{rel}","templated":true}]}}