{"id":6975,"date":"2025-01-31T08:31:48","date_gmt":"2025-01-31T07:31:48","guid":{"rendered":"https:\/\/divainers.com\/producto\/divain-205\/"},"modified":"2026-03-26T14:15:48","modified_gmt":"2026-03-26T13:15:48","slug":"divain-205","status":"publish","type":"product","link":"https:\/\/divainers.com\/fi\/producto\/divain-205\/","title":{"rendered":"Divain.205"},"content":{"rendered":"<p><span data-sheets-root=\"1\">El\u00e4v\u00e4inen ja magneettinen tuoksu, joka huokuu itsevarmuutta ja nuoruutta jokaisella nuotilla. Sen raikas ja stimuloiva avaus yhdist\u00e4\u00e4 sitruunan, appelsiinin ja kardemumman, luoden sitruksisen r\u00e4j\u00e4hdyksen t\u00e4ynn\u00e4 energiaa. Syd\u00e4mess\u00e4 laventeli ja rosmariini tuovat puhtaan ja maskuliinisen aromaattisen vivahteen, kun taas muskuksen, vetiverin ja tammen puupohja lis\u00e4\u00e4 syvyytt\u00e4 ja aistillisuutta. T\u00e4ydellinen niille, jotka etsiv\u00e4t raikasta, rohkeaa ja viettelev\u00e4\u00e4 tuoksua, ihanteellinen jokap\u00e4iv\u00e4iseen k\u00e4ytt\u00f6\u00f6n tai unohtumattoman vaikutuksen j\u00e4tt\u00e4miseen.   <\/span><\/p>\n","protected":false},"excerpt":{"rendered":"<p>Muista Fierce Abercrombie &amp; Fitchist\u00e4<\/p>\n","protected":false},"featured_media":3374,"comment_status":"open","ping_status":"closed","template":"","meta":[],"product_brand":[],"product_cat":[1318],"product_tag":[1338],"class_list":{"0":"post-6975","1":"product","2":"type-product","3":"status-publish","4":"has-post-thumbnail","6":"product_cat-abercrombie-fitch","7":"product_tag-uomo","9":"first","10":"instock","11":"shipping-taxable","12":"product-type-simple"},"_links":{"self":[{"href":"https:\/\/divainers.com\/fi\/wp-json\/wp\/v2\/product\/6975","targetHints":{"allow":["GET"]}}],"collection":[{"href":"https:\/\/divainers.com\/fi\/wp-json\/wp\/v2\/product"}],"about":[{"href":"https:\/\/divainers.com\/fi\/wp-json\/wp\/v2\/types\/product"}],"replies":[{"embeddable":true,"href":"https:\/\/divainers.com\/fi\/wp-json\/wp\/v2\/comments?post=6975"}],"wp:featuredmedia":[{"embeddable":true,"href":"https:\/\/divainers.com\/fi\/wp-json\/wp\/v2\/media\/3374"}],"wp:attachment":[{"href":"https:\/\/divainers.com\/fi\/wp-json\/wp\/v2\/media?parent=6975"}],"wp:term":[{"taxonomy":"product_brand","embeddable":true,"href":"https:\/\/divainers.com\/fi\/wp-json\/wp\/v2\/product_brand?post=6975"},{"taxonomy":"product_cat","embeddable":true,"href":"https:\/\/divainers.com\/fi\/wp-json\/wp\/v2\/product_cat?post=6975"},{"taxonomy":"product_tag","embeddable":true,"href":"https:\/\/divainers.com\/fi\/wp-json\/wp\/v2\/product_tag?post=6975"}],"curies":[{"name":"wp","href":"https:\/\/api.w.org\/{rel}","templated":true}]}}