{"id":6989,"date":"2025-01-31T08:31:48","date_gmt":"2025-01-31T07:31:48","guid":{"rendered":"https:\/\/divainers.com\/producto\/divain-320\/"},"modified":"2026-04-30T09:42:50","modified_gmt":"2026-04-30T07:42:50","slug":"divain-320","status":"publish","type":"product","link":"https:\/\/divainers.com\/fi\/producto\/divain-320\/","title":{"rendered":"Divain.320"},"content":{"rendered":"<p>El\u00e4v\u00e4 ja maskuliininen tuoksu, jossa raikas ja hedelm\u00e4inen alku bergamotin ja vihre\u00e4n omenan ansiosta, yhdistettyn\u00e4 mausteiseen kardemumman vivahteeseen. Syd\u00e4mess\u00e4 laventelin ja rosmariinin aromaattiset s\u00e4vyt tuovat puhtaan ja modernin luonteen, kun taas pohjatuoksu l\u00e4mpenee ja ymp\u00e4r\u00f6i meripihkalla, tonkapavulla ja syvill\u00e4 puun s\u00e4vyill\u00e4, luoden tasapainoisen tuoksun raikkauden ja sensuaalisuuden v\u00e4lille, t\u00e4ydellinen arkeen.<\/p>\n","protected":false},"excerpt":{"rendered":"<p>Muistuttaa First Instinct Blue -tuoksua Abercrombie &#038; Fitchilt\u00e4<\/p>\n","protected":false},"featured_media":6992,"comment_status":"open","ping_status":"closed","template":"","meta":[],"product_brand":[],"product_cat":[1318],"product_tag":[1344],"class_list":{"0":"post-6989","1":"product","2":"type-product","3":"status-publish","4":"has-post-thumbnail","6":"product_cat-abercrombie-fitch","7":"product_tag-miehet","9":"first","10":"instock","11":"shipping-taxable","12":"product-type-simple"},"_links":{"self":[{"href":"https:\/\/divainers.com\/fi\/wp-json\/wp\/v2\/product\/6989","targetHints":{"allow":["GET"]}}],"collection":[{"href":"https:\/\/divainers.com\/fi\/wp-json\/wp\/v2\/product"}],"about":[{"href":"https:\/\/divainers.com\/fi\/wp-json\/wp\/v2\/types\/product"}],"replies":[{"embeddable":true,"href":"https:\/\/divainers.com\/fi\/wp-json\/wp\/v2\/comments?post=6989"}],"wp:featuredmedia":[{"embeddable":true,"href":"https:\/\/divainers.com\/fi\/wp-json\/wp\/v2\/media\/6992"}],"wp:attachment":[{"href":"https:\/\/divainers.com\/fi\/wp-json\/wp\/v2\/media?parent=6989"}],"wp:term":[{"taxonomy":"product_brand","embeddable":true,"href":"https:\/\/divainers.com\/fi\/wp-json\/wp\/v2\/product_brand?post=6989"},{"taxonomy":"product_cat","embeddable":true,"href":"https:\/\/divainers.com\/fi\/wp-json\/wp\/v2\/product_cat?post=6989"},{"taxonomy":"product_tag","embeddable":true,"href":"https:\/\/divainers.com\/fi\/wp-json\/wp\/v2\/product_tag?post=6989"}],"curies":[{"name":"wp","href":"https:\/\/api.w.org\/{rel}","templated":true}]}}