{"id":7106,"date":"2025-01-31T08:31:49","date_gmt":"2025-01-31T07:31:49","guid":{"rendered":"https:\/\/divainers.com\/producto\/divain-770\/"},"modified":"2026-04-30T09:43:24","modified_gmt":"2026-04-30T07:43:24","slug":"divain-770","status":"publish","type":"product","link":"https:\/\/divainers.com\/fi\/producto\/divain-770\/","title":{"rendered":"Divain.770"},"content":{"rendered":"<p>T\u00e4m\u00e4 unisex-tuoksu avautuu sitruksisten ja mausteisten nuottien yhdistelm\u00e4ll\u00e4, jossa Calabrian bergamotti ja keltainen mandariini tuovat raikkautta, kun taas vaaleanpunainen pippuri lis\u00e4\u00e4 hienovaraisen ja kiehtovan vivahteen. Syd\u00e4mess\u00e4 kirsikankukka ja sambac-jasmiini kietoutuvat yhteen, her\u00e4tt\u00e4en esiin japanilaisten kukkivien puutarhojen rauhan ja kauneuden. Myskipohja tarjoaa l\u00e4mpim\u00e4n ja aistillisen pehmeyden, joka jatkaa tuoksuel\u00e4myst\u00e4 iholla. T\u00e4m\u00e4 tuoksu vangitsee japanilaisen kev\u00e4\u00e4n olemuksen, tarjoten raikkauden ja eleganssin tunteen jokaisella k\u00e4ytt\u00f6kerralla.<\/p>\n","protected":false},"excerpt":{"rendered":"<p>Muistuttaa Sakura EDP:t\u00e4 Acqua di Parma:lta<\/p>\n","protected":false},"featured_media":7109,"comment_status":"open","ping_status":"closed","template":"","meta":[],"product_brand":[],"product_cat":[1381],"product_tag":[1383],"class_list":{"0":"post-7106","1":"product","2":"type-product","3":"status-publish","4":"has-post-thumbnail","6":"product_cat-acqua-di-parma","7":"product_tag-unisex","9":"first","10":"instock","11":"shipping-taxable","12":"product-type-simple"},"_links":{"self":[{"href":"https:\/\/divainers.com\/fi\/wp-json\/wp\/v2\/product\/7106","targetHints":{"allow":["GET"]}}],"collection":[{"href":"https:\/\/divainers.com\/fi\/wp-json\/wp\/v2\/product"}],"about":[{"href":"https:\/\/divainers.com\/fi\/wp-json\/wp\/v2\/types\/product"}],"replies":[{"embeddable":true,"href":"https:\/\/divainers.com\/fi\/wp-json\/wp\/v2\/comments?post=7106"}],"wp:featuredmedia":[{"embeddable":true,"href":"https:\/\/divainers.com\/fi\/wp-json\/wp\/v2\/media\/7109"}],"wp:attachment":[{"href":"https:\/\/divainers.com\/fi\/wp-json\/wp\/v2\/media?parent=7106"}],"wp:term":[{"taxonomy":"product_brand","embeddable":true,"href":"https:\/\/divainers.com\/fi\/wp-json\/wp\/v2\/product_brand?post=7106"},{"taxonomy":"product_cat","embeddable":true,"href":"https:\/\/divainers.com\/fi\/wp-json\/wp\/v2\/product_cat?post=7106"},{"taxonomy":"product_tag","embeddable":true,"href":"https:\/\/divainers.com\/fi\/wp-json\/wp\/v2\/product_tag?post=7106"}],"curies":[{"name":"wp","href":"https:\/\/api.w.org\/{rel}","templated":true}]}}