{"id":7129,"date":"2025-01-31T08:31:49","date_gmt":"2025-01-31T07:31:49","guid":{"rendered":"https:\/\/divainers.com\/producto\/divain-443\/"},"modified":"2026-04-30T09:43:34","modified_gmt":"2026-04-30T07:43:34","slug":"divain-443","status":"publish","type":"product","link":"https:\/\/divainers.com\/fi\/producto\/divain-443\/","title":{"rendered":"Divain.443"},"content":{"rendered":"<p>Raikas ja valoisa tuoksu, joka kuljettaa sinut V\u00e4limeren tuulahdukselle, miss\u00e4 aurinko hyv\u00e4ilee ihoa ja meri kuiskaa horisontissa. Ensimm\u00e4isest\u00e4 hetkest\u00e4 l\u00e4htien mirrin elinvoima ja italialaisten sitrushedelmien kupliva raikkaus her\u00e4tt\u00e4v\u00e4t aistit s\u00e4teilev\u00e4ll\u00e4 energialla. Syd\u00e4mess\u00e4 kataja ja kukkaiset s\u00e4vyt tuovat aromaattisen ja hienostuneen vivahteen, her\u00e4tt\u00e4en luonnon t\u00e4ydess\u00e4 loistossaan. Lopuksi meripihkan ja myski pohjas\u00e4vy j\u00e4tt\u00e4\u00e4 pehme\u00e4n, ymp\u00e4r\u00f6iv\u00e4n ja elegantin j\u00e4ljen. Elvytt\u00e4v\u00e4 ja hienostunut tuoksu, ihanteellinen niille, jotka etsiv\u00e4t raikkautta, rauhaa ja ripauksen V\u00e4limeren pakopaikkaa.<\/p>\n","protected":false},"excerpt":{"rendered":"<p>Muistuttaa Blue Mediterraneo Mirto di Panareaa Acqua Di Parmalta<\/p>\n","protected":false},"featured_media":7133,"comment_status":"open","ping_status":"closed","template":"","meta":[],"product_brand":[],"product_cat":[1406],"product_tag":[1408],"class_list":{"0":"post-7129","1":"product","2":"type-product","3":"status-publish","4":"has-post-thumbnail","6":"product_cat-acqua-di-parma","7":"product_tag-unisex","9":"first","10":"instock","11":"shipping-taxable","12":"product-type-simple"},"_links":{"self":[{"href":"https:\/\/divainers.com\/fi\/wp-json\/wp\/v2\/product\/7129","targetHints":{"allow":["GET"]}}],"collection":[{"href":"https:\/\/divainers.com\/fi\/wp-json\/wp\/v2\/product"}],"about":[{"href":"https:\/\/divainers.com\/fi\/wp-json\/wp\/v2\/types\/product"}],"replies":[{"embeddable":true,"href":"https:\/\/divainers.com\/fi\/wp-json\/wp\/v2\/comments?post=7129"}],"wp:featuredmedia":[{"embeddable":true,"href":"https:\/\/divainers.com\/fi\/wp-json\/wp\/v2\/media\/7133"}],"wp:attachment":[{"href":"https:\/\/divainers.com\/fi\/wp-json\/wp\/v2\/media?parent=7129"}],"wp:term":[{"taxonomy":"product_brand","embeddable":true,"href":"https:\/\/divainers.com\/fi\/wp-json\/wp\/v2\/product_brand?post=7129"},{"taxonomy":"product_cat","embeddable":true,"href":"https:\/\/divainers.com\/fi\/wp-json\/wp\/v2\/product_cat?post=7129"},{"taxonomy":"product_tag","embeddable":true,"href":"https:\/\/divainers.com\/fi\/wp-json\/wp\/v2\/product_tag?post=7129"}],"curies":[{"name":"wp","href":"https:\/\/api.w.org\/{rel}","templated":true}]}}