{"id":713,"date":"2025-01-31T08:32:38","date_gmt":"2025-01-31T07:32:38","guid":{"rendered":"https:\/\/divainers.com\/producto\/divain-097\/"},"modified":"2026-03-16T16:07:44","modified_gmt":"2026-03-16T15:07:44","slug":"divain-097","status":"publish","type":"product","link":"https:\/\/divainers.com\/fi\/producto\/divain-097\/","title":{"rendered":"divain.097"},"content":{"rendered":"<p>Un aroma moderno y din\u00e1mico que captura la esencia de la mujer independiente y segura de s\u00ed misma. Su apertura chispeante de manzana verde, bayas silvestres y mandarina aporta una frescura vibrante y energ\u00e9tica. En el coraz\u00f3n, el jazm\u00edn, el lirio de los valles y la ciruela negra envuelven la fragancia en una feminidad suave y sofisticada. En el fondo, el s\u00e1ndalo, el \u00e1mbar y el cedro crean una estela c\u00e1lida y envolvente, perfecta para la mujer audaz, aut\u00e9ntica y con un esp\u00edritu libre que deja huella.<\/p>\n","protected":false},"excerpt":{"rendered":"<p>Recuerda a Hugo Woman de Hugo Boss<\/p>\n","protected":false},"featured_media":3460,"comment_status":"open","ping_status":"closed","template":"","meta":[],"product_brand":[],"product_cat":[469],"product_tag":[1424],"class_list":{"0":"post-713","1":"product","2":"type-product","3":"status-publish","4":"has-post-thumbnail","6":"product_cat-hugo-boss","7":"product_tag-femmes","9":"first","10":"instock","11":"shipping-taxable","12":"product-type-simple"},"_links":{"self":[{"href":"https:\/\/divainers.com\/fi\/wp-json\/wp\/v2\/product\/713","targetHints":{"allow":["GET"]}}],"collection":[{"href":"https:\/\/divainers.com\/fi\/wp-json\/wp\/v2\/product"}],"about":[{"href":"https:\/\/divainers.com\/fi\/wp-json\/wp\/v2\/types\/product"}],"replies":[{"embeddable":true,"href":"https:\/\/divainers.com\/fi\/wp-json\/wp\/v2\/comments?post=713"}],"wp:featuredmedia":[{"embeddable":true,"href":"https:\/\/divainers.com\/fi\/wp-json\/wp\/v2\/media\/3460"}],"wp:attachment":[{"href":"https:\/\/divainers.com\/fi\/wp-json\/wp\/v2\/media?parent=713"}],"wp:term":[{"taxonomy":"product_brand","embeddable":true,"href":"https:\/\/divainers.com\/fi\/wp-json\/wp\/v2\/product_brand?post=713"},{"taxonomy":"product_cat","embeddable":true,"href":"https:\/\/divainers.com\/fi\/wp-json\/wp\/v2\/product_cat?post=713"},{"taxonomy":"product_tag","embeddable":true,"href":"https:\/\/divainers.com\/fi\/wp-json\/wp\/v2\/product_tag?post=713"}],"curies":[{"name":"wp","href":"https:\/\/api.w.org\/{rel}","templated":true}]}}