{"id":7212,"date":"2025-01-31T08:31:48","date_gmt":"2025-01-31T07:31:48","guid":{"rendered":"https:\/\/divainers.com\/producto\/divain-276\/"},"modified":"2026-04-30T09:43:58","modified_gmt":"2026-04-30T07:43:58","slug":"divain-276","status":"publish","type":"product","link":"https:\/\/divainers.com\/fi\/producto\/divain-276\/","title":{"rendered":"Divain.276"},"content":{"rendered":"<p>Se on klassinen ja hienostunut tuoksu, joka erottuu raikkaudellaan ja ajattomalla eleganssillaan. Sitruunainen ja raikas pohja sis\u00e4lt\u00e4\u00e4 alkutuoksuina sitruunaa, appelsiinia ja bergamottia, jotka tuovat virkist\u00e4v\u00e4n tunteen. Syd\u00e4mess\u00e4 on kukkaisia tuoksuja kuten laventelia, jasmiinia ja ruusua, jotka antavat hienostuneen vivahteen. Puumainen pohja, jossa on vetiverin, santelipuun ja patsulin s\u00e4vyj\u00e4, lis\u00e4\u00e4 syvyytt\u00e4 ja pitk\u00e4kestoisuutta. Se sopii t\u00e4ydellisesti miehelle, joka arvostaa raikkaita tuoksuja, joissa on hienovarainen monimutkaisuus, joka kest\u00e4\u00e4 koko p\u00e4iv\u00e4n.<\/p>\n","protected":false},"excerpt":{"rendered":"<p>Muistuttaa Acqua Di Parmaa Acqua di Parmalta<\/p>\n","protected":false},"featured_media":7214,"comment_status":"open","ping_status":"closed","template":"","meta":[],"product_brand":[],"product_cat":[1406],"product_tag":[1408],"class_list":{"0":"post-7212","1":"product","2":"type-product","3":"status-publish","4":"has-post-thumbnail","6":"product_cat-acqua-di-parma","7":"product_tag-unisex","9":"first","10":"instock","11":"shipping-taxable","12":"product-type-simple"},"_links":{"self":[{"href":"https:\/\/divainers.com\/fi\/wp-json\/wp\/v2\/product\/7212","targetHints":{"allow":["GET"]}}],"collection":[{"href":"https:\/\/divainers.com\/fi\/wp-json\/wp\/v2\/product"}],"about":[{"href":"https:\/\/divainers.com\/fi\/wp-json\/wp\/v2\/types\/product"}],"replies":[{"embeddable":true,"href":"https:\/\/divainers.com\/fi\/wp-json\/wp\/v2\/comments?post=7212"}],"wp:featuredmedia":[{"embeddable":true,"href":"https:\/\/divainers.com\/fi\/wp-json\/wp\/v2\/media\/7214"}],"wp:attachment":[{"href":"https:\/\/divainers.com\/fi\/wp-json\/wp\/v2\/media?parent=7212"}],"wp:term":[{"taxonomy":"product_brand","embeddable":true,"href":"https:\/\/divainers.com\/fi\/wp-json\/wp\/v2\/product_brand?post=7212"},{"taxonomy":"product_cat","embeddable":true,"href":"https:\/\/divainers.com\/fi\/wp-json\/wp\/v2\/product_cat?post=7212"},{"taxonomy":"product_tag","embeddable":true,"href":"https:\/\/divainers.com\/fi\/wp-json\/wp\/v2\/product_tag?post=7212"}],"curies":[{"name":"wp","href":"https:\/\/api.w.org\/{rel}","templated":true}]}}