{"id":7236,"date":"2025-01-31T08:31:49","date_gmt":"2025-01-31T07:31:49","guid":{"rendered":"https:\/\/divainers.com\/producto\/divain-318\/"},"modified":"2026-04-30T09:44:02","modified_gmt":"2026-04-30T07:44:02","slug":"divain-318","status":"publish","type":"product","link":"https:\/\/divainers.com\/fi\/producto\/divain-318\/","title":{"rendered":"Divain.318"},"content":{"rendered":"<p>Intensiivinen ja hienostunut tuoksu, joka yhdist\u00e4\u00e4 oud-tuoksun syvyyden italialaisten sitrusten eleganssiin. Sen raikas ja kirkas alku avautuu mausteiseen ja puumaiseen syd\u00e4meen, jossa oud kietoutuu balsamisiin ja l\u00e4mpimiin s\u00e4vyihin. Pohja on rikas ja ymp\u00e4r\u00f6iv\u00e4, nahka- ja hartsi vivahteilla, jotka luovat hienostuneen ylellisyyden tunteen. T\u00e4ydellinen niille, jotka etsiv\u00e4t erottuvaa tuoksua, jossa on luonnetta ja hienostuneisuutta.<\/p>\n","protected":false},"excerpt":{"rendered":"<p>Muistuttaa Oud Eau de Cologne Concentr\u00e9e de Acqua di Parma<\/p>\n","protected":false},"featured_media":7239,"comment_status":"open","ping_status":"closed","template":"","meta":[],"product_brand":[],"product_cat":[1406],"product_tag":[1344],"class_list":{"0":"post-7236","1":"product","2":"type-product","3":"status-publish","4":"has-post-thumbnail","6":"product_cat-acqua-di-parma","7":"product_tag-miehet","9":"first","10":"instock","11":"shipping-taxable","12":"product-type-simple"},"_links":{"self":[{"href":"https:\/\/divainers.com\/fi\/wp-json\/wp\/v2\/product\/7236","targetHints":{"allow":["GET"]}}],"collection":[{"href":"https:\/\/divainers.com\/fi\/wp-json\/wp\/v2\/product"}],"about":[{"href":"https:\/\/divainers.com\/fi\/wp-json\/wp\/v2\/types\/product"}],"replies":[{"embeddable":true,"href":"https:\/\/divainers.com\/fi\/wp-json\/wp\/v2\/comments?post=7236"}],"wp:featuredmedia":[{"embeddable":true,"href":"https:\/\/divainers.com\/fi\/wp-json\/wp\/v2\/media\/7239"}],"wp:attachment":[{"href":"https:\/\/divainers.com\/fi\/wp-json\/wp\/v2\/media?parent=7236"}],"wp:term":[{"taxonomy":"product_brand","embeddable":true,"href":"https:\/\/divainers.com\/fi\/wp-json\/wp\/v2\/product_brand?post=7236"},{"taxonomy":"product_cat","embeddable":true,"href":"https:\/\/divainers.com\/fi\/wp-json\/wp\/v2\/product_cat?post=7236"},{"taxonomy":"product_tag","embeddable":true,"href":"https:\/\/divainers.com\/fi\/wp-json\/wp\/v2\/product_tag?post=7236"}],"curies":[{"name":"wp","href":"https:\/\/api.w.org\/{rel}","templated":true}]}}