{"id":7242,"date":"2025-01-31T08:31:49","date_gmt":"2025-01-31T07:31:49","guid":{"rendered":"https:\/\/divainers.com\/producto\/divain-281\/"},"modified":"2026-04-30T09:44:03","modified_gmt":"2026-04-30T07:44:03","slug":"divain-281","status":"publish","type":"product","link":"https:\/\/divainers.com\/fi\/producto\/divain-281\/","title":{"rendered":"Divain.281"},"content":{"rendered":"<p>Se on syv\u00e4 ja hienostunut tuoksu, joka erottuu oud-tuoksun intensiivisest\u00e4 l\u00e4sn\u00e4olosta. Oud on arvokas hartsi, joka tunnetaan l\u00e4mpim\u00e4st\u00e4, maanl\u00e4heisest\u00e4 ja puumaisesta aromistaan. Tuoksu avautuu raikkailla ja mausteisilla s\u00e4vyill\u00e4, joita t\u00e4ydent\u00e4\u00e4 oudin vahva luonne, kietoutuen syd\u00e4mess\u00e4 ruusun ja sahramin kukkaan. Pohjalla on nahkaa, setripuun ja myski, jotka antavat l\u00e4mpim\u00e4n ja ymp\u00e4r\u00f6iv\u00e4n pohjan. T\u00e4m\u00e4 tuoksu huokuu ylellisyytt\u00e4, eleganssia ja eksklusiivisuutta, ja se sopii erityisiin tilaisuuksiin sek\u00e4 niille, jotka etsiv\u00e4t erottuvaa ja pitk\u00e4kestoista tuoksua.<\/p>\n","protected":false},"excerpt":{"rendered":"<p>Muistuttaa Oudia Acqua di Parmalta<\/p>\n","protected":false},"featured_media":7245,"comment_status":"open","ping_status":"closed","template":"","meta":[],"product_brand":[],"product_cat":[1381],"product_tag":[1370],"class_list":{"0":"post-7242","1":"product","2":"type-product","3":"status-publish","4":"has-post-thumbnail","6":"product_cat-acqua-di-parma","7":"product_tag-uomo","9":"first","10":"instock","11":"shipping-taxable","12":"product-type-simple"},"_links":{"self":[{"href":"https:\/\/divainers.com\/fi\/wp-json\/wp\/v2\/product\/7242","targetHints":{"allow":["GET"]}}],"collection":[{"href":"https:\/\/divainers.com\/fi\/wp-json\/wp\/v2\/product"}],"about":[{"href":"https:\/\/divainers.com\/fi\/wp-json\/wp\/v2\/types\/product"}],"replies":[{"embeddable":true,"href":"https:\/\/divainers.com\/fi\/wp-json\/wp\/v2\/comments?post=7242"}],"wp:featuredmedia":[{"embeddable":true,"href":"https:\/\/divainers.com\/fi\/wp-json\/wp\/v2\/media\/7245"}],"wp:attachment":[{"href":"https:\/\/divainers.com\/fi\/wp-json\/wp\/v2\/media?parent=7242"}],"wp:term":[{"taxonomy":"product_brand","embeddable":true,"href":"https:\/\/divainers.com\/fi\/wp-json\/wp\/v2\/product_brand?post=7242"},{"taxonomy":"product_cat","embeddable":true,"href":"https:\/\/divainers.com\/fi\/wp-json\/wp\/v2\/product_cat?post=7242"},{"taxonomy":"product_tag","embeddable":true,"href":"https:\/\/divainers.com\/fi\/wp-json\/wp\/v2\/product_tag?post=7242"}],"curies":[{"name":"wp","href":"https:\/\/api.w.org\/{rel}","templated":true}]}}