{"id":7278,"date":"2025-01-31T08:31:50","date_gmt":"2025-01-31T07:31:50","guid":{"rendered":"https:\/\/divainers.com\/producto\/divain-086\/"},"modified":"2026-04-30T09:44:24","modified_gmt":"2026-04-30T07:44:24","slug":"divain-086","status":"publish","type":"product","link":"https:\/\/divainers.com\/fi\/producto\/divain-086\/","title":{"rendered":"divain.086"},"content":{"rendered":"<p>Herk\u00e4sti ja ajattomasti kukkiva tuoksu, joka vangitsee ruusujen raikkauden ja luonnollisen eleganssin parhaimmillaan. Sen kirkas avaus sitruksilla ja vihreill\u00e4 lehdill\u00e4 tuo virkist\u00e4v\u00e4n ja kevyen tunteen. Syd\u00e4mess\u00e4 bulgarialainen ruusu ja kielo kietovat tuoksun puhtaaseen ja hienostuneeseen naisellisuuteen. Pohjalla myski ja santelipuu luovat pehme\u00e4n ja ymp\u00e4r\u00f6iv\u00e4n j\u00e4ljen, t\u00e4ydellisen romanttiselle, rauhalliselle naiselle, jolla on luonnollista vieh\u00e4tyst\u00e4 ja joka j\u00e4tt\u00e4\u00e4 j\u00e4ljen.<\/p>\n","protected":false},"excerpt":{"rendered":"<p>Muistuttaa Agua fresca de rosas de Adolfo Dominguez<\/p>\n","protected":false},"featured_media":7281,"comment_status":"open","ping_status":"closed","template":"","meta":[],"product_brand":[],"product_cat":[1427],"product_tag":[1428],"class_list":{"0":"post-7278","1":"product","2":"type-product","3":"status-publish","4":"has-post-thumbnail","6":"product_cat-adolfo-dominguez","7":"product_tag-naiset","9":"first","10":"instock","11":"shipping-taxable","12":"product-type-simple"},"_links":{"self":[{"href":"https:\/\/divainers.com\/fi\/wp-json\/wp\/v2\/product\/7278","targetHints":{"allow":["GET"]}}],"collection":[{"href":"https:\/\/divainers.com\/fi\/wp-json\/wp\/v2\/product"}],"about":[{"href":"https:\/\/divainers.com\/fi\/wp-json\/wp\/v2\/types\/product"}],"replies":[{"embeddable":true,"href":"https:\/\/divainers.com\/fi\/wp-json\/wp\/v2\/comments?post=7278"}],"wp:featuredmedia":[{"embeddable":true,"href":"https:\/\/divainers.com\/fi\/wp-json\/wp\/v2\/media\/7281"}],"wp:attachment":[{"href":"https:\/\/divainers.com\/fi\/wp-json\/wp\/v2\/media?parent=7278"}],"wp:term":[{"taxonomy":"product_brand","embeddable":true,"href":"https:\/\/divainers.com\/fi\/wp-json\/wp\/v2\/product_brand?post=7278"},{"taxonomy":"product_cat","embeddable":true,"href":"https:\/\/divainers.com\/fi\/wp-json\/wp\/v2\/product_cat?post=7278"},{"taxonomy":"product_tag","embeddable":true,"href":"https:\/\/divainers.com\/fi\/wp-json\/wp\/v2\/product_tag?post=7278"}],"curies":[{"name":"wp","href":"https:\/\/api.w.org\/{rel}","templated":true}]}}