{"id":7320,"date":"2025-01-31T08:31:50","date_gmt":"2025-01-31T07:31:50","guid":{"rendered":"https:\/\/divainers.com\/producto\/divain-031\/"},"modified":"2026-04-30T09:44:40","modified_gmt":"2026-04-30T07:44:40","slug":"divain-031","status":"publish","type":"product","link":"https:\/\/divainers.com\/fi\/producto\/divain-031\/","title":{"rendered":"divain.031"},"content":{"rendered":"<p>Luonnollinen ja virkist\u00e4v\u00e4 tuoksu, joka her\u00e4tt\u00e4\u00e4 luonnon raikkauden puhtaimmassa muodossaan. Bergamotin ja mandariinin sitruksiset alkutuoksut yhdistyv\u00e4t rosmariinin, laventelin ja korianterin aromaattiseen syd\u00e4meen, luoden puhtaan ja energisoivan tunteen. Pohjatuoksussa tammen sammal, vetiver ja santelipuu tuovat syvyytt\u00e4 ja eleganssia, j\u00e4tt\u00e4en kevyen mutta hienostuneen j\u00e4ljen. T\u00e4ydellinen niille, jotka etsiv\u00e4t raikasta, tasapainoista ja ajattoman tyylik\u00e4st\u00e4 tuoksua.<\/p>\n","protected":false},"excerpt":{"rendered":"<p>Muistuttaa Agua Frescaa Adolfo Dominguezilta<\/p>\n","protected":false},"featured_media":7322,"comment_status":"open","ping_status":"closed","template":"","meta":[],"product_brand":[],"product_cat":[1427],"product_tag":[1344],"class_list":{"0":"post-7320","1":"product","2":"type-product","3":"status-publish","4":"has-post-thumbnail","6":"product_cat-adolfo-dominguez","7":"product_tag-miehet","9":"first","10":"instock","11":"shipping-taxable","12":"product-type-simple"},"_links":{"self":[{"href":"https:\/\/divainers.com\/fi\/wp-json\/wp\/v2\/product\/7320","targetHints":{"allow":["GET"]}}],"collection":[{"href":"https:\/\/divainers.com\/fi\/wp-json\/wp\/v2\/product"}],"about":[{"href":"https:\/\/divainers.com\/fi\/wp-json\/wp\/v2\/types\/product"}],"replies":[{"embeddable":true,"href":"https:\/\/divainers.com\/fi\/wp-json\/wp\/v2\/comments?post=7320"}],"wp:featuredmedia":[{"embeddable":true,"href":"https:\/\/divainers.com\/fi\/wp-json\/wp\/v2\/media\/7322"}],"wp:attachment":[{"href":"https:\/\/divainers.com\/fi\/wp-json\/wp\/v2\/media?parent=7320"}],"wp:term":[{"taxonomy":"product_brand","embeddable":true,"href":"https:\/\/divainers.com\/fi\/wp-json\/wp\/v2\/product_brand?post=7320"},{"taxonomy":"product_cat","embeddable":true,"href":"https:\/\/divainers.com\/fi\/wp-json\/wp\/v2\/product_cat?post=7320"},{"taxonomy":"product_tag","embeddable":true,"href":"https:\/\/divainers.com\/fi\/wp-json\/wp\/v2\/product_tag?post=7320"}],"curies":[{"name":"wp","href":"https:\/\/api.w.org\/{rel}","templated":true}]}}