{"id":7433,"date":"2025-08-01T12:00:08","date_gmt":"2025-08-01T10:00:08","guid":{"rendered":"https:\/\/divainers.com\/producto\/divain-1057\/"},"modified":"2026-03-31T08:40:24","modified_gmt":"2026-03-31T06:40:24","slug":"divain-1057","status":"publish","type":"product","link":"https:\/\/divainers.com\/fi\/producto\/divain-1057\/","title":{"rendered":"Divain.1057"},"content":{"rendered":"<p>Kuvittele intensiivinen ja hienostunut tuoksu, joka huokuu mysteeri\u00e4 ja luonnetta, t\u00e4ydellinen niille, jotka haluavat j\u00e4tt\u00e4\u00e4 syv\u00e4n ja magneettisen j\u00e4ljen jokaisella askeleella.<\/p>\n","protected":false},"excerpt":{"rendered":"<p>Remember Onyx Al-Jazeera Perfumesilta<\/p>\n","protected":false},"featured_media":7434,"comment_status":"open","ping_status":"closed","template":"","meta":[],"product_brand":[],"product_cat":[1475],"product_tag":[],"class_list":{"0":"post-7433","1":"product","2":"type-product","3":"status-publish","4":"has-post-thumbnail","6":"product_cat-al-jazeera-perfumes","8":"first","9":"instock","10":"shipping-taxable","11":"product-type-simple"},"_links":{"self":[{"href":"https:\/\/divainers.com\/fi\/wp-json\/wp\/v2\/product\/7433","targetHints":{"allow":["GET"]}}],"collection":[{"href":"https:\/\/divainers.com\/fi\/wp-json\/wp\/v2\/product"}],"about":[{"href":"https:\/\/divainers.com\/fi\/wp-json\/wp\/v2\/types\/product"}],"replies":[{"embeddable":true,"href":"https:\/\/divainers.com\/fi\/wp-json\/wp\/v2\/comments?post=7433"}],"wp:featuredmedia":[{"embeddable":true,"href":"https:\/\/divainers.com\/fi\/wp-json\/wp\/v2\/media\/7434"}],"wp:attachment":[{"href":"https:\/\/divainers.com\/fi\/wp-json\/wp\/v2\/media?parent=7433"}],"wp:term":[{"taxonomy":"product_brand","embeddable":true,"href":"https:\/\/divainers.com\/fi\/wp-json\/wp\/v2\/product_brand?post=7433"},{"taxonomy":"product_cat","embeddable":true,"href":"https:\/\/divainers.com\/fi\/wp-json\/wp\/v2\/product_cat?post=7433"},{"taxonomy":"product_tag","embeddable":true,"href":"https:\/\/divainers.com\/fi\/wp-json\/wp\/v2\/product_tag?post=7433"}],"curies":[{"name":"wp","href":"https:\/\/api.w.org\/{rel}","templated":true}]}}