{"id":749,"date":"2025-01-31T08:32:41","date_gmt":"2025-01-31T07:32:41","guid":{"rendered":"https:\/\/divainers.com\/producto\/divain-825\/"},"modified":"2026-04-30T16:14:13","modified_gmt":"2026-04-30T14:14:13","slug":"divain-825","status":"publish","type":"product","link":"https:\/\/divainers.com\/fi\/producto\/divain-825\/","title":{"rendered":"divain.825"},"content":{"rendered":"<p>Ovaj uniseks miris karakterizira morski cvjetni gourmand, gdje se sun\u010dana nota ljiljana spaja s akordom od bjelanjka i slanim dodirom, pru\u017eaju\u0107i jedinstveno i o\u010daravaju\u0107e mirisno iskustvo. Idealno za dnevnu upotrebu u prolje\u0107e, njegova umjerena intenzitet \u010dini ga savr\u0161enim izborom za one koji tra\u017ee esenciju koja priziva svje\u017einu i sofisticiranost.<\/p>\n","protected":false},"excerpt":{"rendered":"<p>Podsje\u0107a na Divine od Jean Paul Gaultier<\/p>\n","protected":false},"featured_media":15775,"comment_status":"open","ping_status":"closed","template":"","meta":[],"product_brand":[],"product_cat":[1302],"product_tag":[1452],"class_list":{"0":"post-749","1":"product","2":"type-product","3":"status-publish","4":"has-post-thumbnail","6":"product_cat-jean-paul-gaultier","7":"product_tag-sievietes","9":"first","10":"instock","11":"shipping-taxable","12":"product-type-simple"},"_links":{"self":[{"href":"https:\/\/divainers.com\/fi\/wp-json\/wp\/v2\/product\/749","targetHints":{"allow":["GET"]}}],"collection":[{"href":"https:\/\/divainers.com\/fi\/wp-json\/wp\/v2\/product"}],"about":[{"href":"https:\/\/divainers.com\/fi\/wp-json\/wp\/v2\/types\/product"}],"replies":[{"embeddable":true,"href":"https:\/\/divainers.com\/fi\/wp-json\/wp\/v2\/comments?post=749"}],"wp:featuredmedia":[{"embeddable":true,"href":"https:\/\/divainers.com\/fi\/wp-json\/wp\/v2\/media\/15775"}],"wp:attachment":[{"href":"https:\/\/divainers.com\/fi\/wp-json\/wp\/v2\/media?parent=749"}],"wp:term":[{"taxonomy":"product_brand","embeddable":true,"href":"https:\/\/divainers.com\/fi\/wp-json\/wp\/v2\/product_brand?post=749"},{"taxonomy":"product_cat","embeddable":true,"href":"https:\/\/divainers.com\/fi\/wp-json\/wp\/v2\/product_cat?post=749"},{"taxonomy":"product_tag","embeddable":true,"href":"https:\/\/divainers.com\/fi\/wp-json\/wp\/v2\/product_tag?post=749"}],"curies":[{"name":"wp","href":"https:\/\/api.w.org\/{rel}","templated":true}]}}