{"id":7629,"date":"2025-01-31T08:32:01","date_gmt":"2025-01-31T07:32:01","guid":{"rendered":"https:\/\/divainers.com\/producto\/divain-003\/"},"modified":"2026-04-30T09:47:05","modified_gmt":"2026-04-30T07:47:05","slug":"divain-003","status":"publish","type":"product","link":"https:\/\/divainers.com\/fi\/producto\/divain-003\/","title":{"rendered":"divain.003"},"content":{"rendered":"<p>Kuvittele aistillinen matka, jossa ajaton eleganssi kohtaa seikkailun. T\u00e4m\u00e4 tuoksu yhdist\u00e4\u00e4 nahan ja vaniljan l\u00e4mm\u00f6n sahramin ja muskottip\u00e4hkin\u00e4n mausteiseen vetovoimaan. Raikkaiden sitruksien vivahde kietoutuu jalojen puiden syd\u00e4meen ja ymp\u00e4r\u00f6iv\u00e4\u00e4n pohjaan, jossa on meripihkaa ja vetiveri\u00e4, luoden hienostuneen, maskuliinisen ja viettelev\u00e4n tuoksun. T\u00e4ydellinen niille, jotka etsiv\u00e4t erottuvuutta ja luonnetta jokaisessa tuoksussa.<\/p>\n","protected":false},"excerpt":{"rendered":"<p>Muistuttaa CH Meni\u00e4 Carolina Herreralta<\/p>\n","protected":false},"featured_media":7628,"comment_status":"open","ping_status":"closed","template":"","meta":[],"product_brand":[],"product_cat":[1531],"product_tag":[1344],"class_list":{"0":"post-7629","1":"product","2":"type-product","3":"status-publish","4":"has-post-thumbnail","6":"product_cat-carolina-herrera","7":"product_tag-miehet","9":"first","10":"instock","11":"shipping-taxable","12":"product-type-simple"},"_links":{"self":[{"href":"https:\/\/divainers.com\/fi\/wp-json\/wp\/v2\/product\/7629","targetHints":{"allow":["GET"]}}],"collection":[{"href":"https:\/\/divainers.com\/fi\/wp-json\/wp\/v2\/product"}],"about":[{"href":"https:\/\/divainers.com\/fi\/wp-json\/wp\/v2\/types\/product"}],"replies":[{"embeddable":true,"href":"https:\/\/divainers.com\/fi\/wp-json\/wp\/v2\/comments?post=7629"}],"wp:featuredmedia":[{"embeddable":true,"href":"https:\/\/divainers.com\/fi\/wp-json\/wp\/v2\/media\/7628"}],"wp:attachment":[{"href":"https:\/\/divainers.com\/fi\/wp-json\/wp\/v2\/media?parent=7629"}],"wp:term":[{"taxonomy":"product_brand","embeddable":true,"href":"https:\/\/divainers.com\/fi\/wp-json\/wp\/v2\/product_brand?post=7629"},{"taxonomy":"product_cat","embeddable":true,"href":"https:\/\/divainers.com\/fi\/wp-json\/wp\/v2\/product_cat?post=7629"},{"taxonomy":"product_tag","embeddable":true,"href":"https:\/\/divainers.com\/fi\/wp-json\/wp\/v2\/product_tag?post=7629"}],"curies":[{"name":"wp","href":"https:\/\/api.w.org\/{rel}","templated":true}]}}