{"id":765,"date":"2025-01-31T08:32:42","date_gmt":"2025-01-31T07:32:42","guid":{"rendered":"https:\/\/divainers.com\/producto\/divain-613\/"},"modified":"2026-03-16T16:07:49","modified_gmt":"2026-03-16T15:07:49","slug":"divain-613","status":"publish","type":"product","link":"https:\/\/divainers.com\/fi\/producto\/divain-613\/","title":{"rendered":"divain.613"},"content":{"rendered":"<p class=\"\" data-start=\"0\" data-end=\"444\">Un aroma fresco, delicado y encantador que captura la esencia de un bosque primaveral cubierto de flores. Desde la apertura, la frescura de la campanilla azul se despliega con una ligereza et\u00e9rea, creando una sensaci\u00f3n de serenidad y frescura. En su coraz\u00f3n, el lirio de los valles y las notas de clavel a\u00f1aden una dimensi\u00f3n floral m\u00e1s compleja, mientras que el fondo suave de almizcle y madera aporta una base sutilmente c\u00e1lida y envolvente.<\/p>\n<p class=\"\" data-start=\"446\" data-end=\"641\">Un perfume ideal para quienes buscan una fragancia floral ligera y aireada, perfecta para quienes desean una experiencia olfativa fresca y femenina, ideal para el d\u00eda a d\u00eda o momentos tranquilos.<\/p>\n","protected":false},"excerpt":{"rendered":"<p>Recuerda a Wild Bluebell de Jo Malone<\/p>\n","protected":false},"featured_media":3017,"comment_status":"open","ping_status":"closed","template":"","meta":[],"product_brand":[],"product_cat":[520],"product_tag":[1436],"class_list":{"0":"post-765","1":"product","2":"type-product","3":"status-publish","4":"has-post-thumbnail","6":"product_cat-jo-malone","7":"product_tag-1436","9":"first","10":"instock","11":"shipping-taxable","12":"product-type-simple"},"_links":{"self":[{"href":"https:\/\/divainers.com\/fi\/wp-json\/wp\/v2\/product\/765","targetHints":{"allow":["GET"]}}],"collection":[{"href":"https:\/\/divainers.com\/fi\/wp-json\/wp\/v2\/product"}],"about":[{"href":"https:\/\/divainers.com\/fi\/wp-json\/wp\/v2\/types\/product"}],"replies":[{"embeddable":true,"href":"https:\/\/divainers.com\/fi\/wp-json\/wp\/v2\/comments?post=765"}],"wp:featuredmedia":[{"embeddable":true,"href":"https:\/\/divainers.com\/fi\/wp-json\/wp\/v2\/media\/3017"}],"wp:attachment":[{"href":"https:\/\/divainers.com\/fi\/wp-json\/wp\/v2\/media?parent=765"}],"wp:term":[{"taxonomy":"product_brand","embeddable":true,"href":"https:\/\/divainers.com\/fi\/wp-json\/wp\/v2\/product_brand?post=765"},{"taxonomy":"product_cat","embeddable":true,"href":"https:\/\/divainers.com\/fi\/wp-json\/wp\/v2\/product_cat?post=765"},{"taxonomy":"product_tag","embeddable":true,"href":"https:\/\/divainers.com\/fi\/wp-json\/wp\/v2\/product_tag?post=765"}],"curies":[{"name":"wp","href":"https:\/\/api.w.org\/{rel}","templated":true}]}}