{"id":7675,"date":"2025-01-31T08:32:01","date_gmt":"2025-01-31T07:32:01","guid":{"rendered":"https:\/\/divainers.com\/producto\/divain-004\/"},"modified":"2026-04-30T09:47:19","modified_gmt":"2026-04-30T07:47:19","slug":"divain-004","status":"publish","type":"product","link":"https:\/\/divainers.com\/fi\/producto\/divain-004\/","title":{"rendered":"divain.004"},"content":{"rendered":"<p>Raikkauden ja dynaamisuuden r\u00e4j\u00e4hdys, joka her\u00e4tt\u00e4\u00e4 kaupungin el\u00e4v\u00e4n energian. T\u00e4m\u00e4 tuoksu yhdist\u00e4\u00e4 virkist\u00e4v\u00e4t sitruksiset s\u00e4vyt mausteiseen syd\u00e4meen, jossa on pippuria ja inkiv\u00e4\u00e4ri\u00e4, luoden hienostuneen ja modernin kontrastin. Sen puumainen pohja, jossa on myski\u00e4 ja santelipuuta, tuo syvyytt\u00e4 ja vetovoimaa, j\u00e4tt\u00e4en elegantin ja viettelev\u00e4n j\u00e4ljen. Ihanteellinen kosmopoliitille miehelle, itsevarmalle ja tunnistettavalla tyylill\u00e4.<\/p>\n","protected":false},"excerpt":{"rendered":"<p>Muistuttaa 212 Men Carolina Herreralta<\/p>\n","protected":false},"featured_media":7671,"comment_status":"open","ping_status":"closed","template":"","meta":[],"product_brand":[],"product_cat":[1531],"product_tag":[1344],"class_list":{"0":"post-7675","1":"product","2":"type-product","3":"status-publish","4":"has-post-thumbnail","6":"product_cat-carolina-herrera","7":"product_tag-miehet","9":"first","10":"instock","11":"shipping-taxable","12":"product-type-simple"},"_links":{"self":[{"href":"https:\/\/divainers.com\/fi\/wp-json\/wp\/v2\/product\/7675","targetHints":{"allow":["GET"]}}],"collection":[{"href":"https:\/\/divainers.com\/fi\/wp-json\/wp\/v2\/product"}],"about":[{"href":"https:\/\/divainers.com\/fi\/wp-json\/wp\/v2\/types\/product"}],"replies":[{"embeddable":true,"href":"https:\/\/divainers.com\/fi\/wp-json\/wp\/v2\/comments?post=7675"}],"wp:featuredmedia":[{"embeddable":true,"href":"https:\/\/divainers.com\/fi\/wp-json\/wp\/v2\/media\/7671"}],"wp:attachment":[{"href":"https:\/\/divainers.com\/fi\/wp-json\/wp\/v2\/media?parent=7675"}],"wp:term":[{"taxonomy":"product_brand","embeddable":true,"href":"https:\/\/divainers.com\/fi\/wp-json\/wp\/v2\/product_brand?post=7675"},{"taxonomy":"product_cat","embeddable":true,"href":"https:\/\/divainers.com\/fi\/wp-json\/wp\/v2\/product_cat?post=7675"},{"taxonomy":"product_tag","embeddable":true,"href":"https:\/\/divainers.com\/fi\/wp-json\/wp\/v2\/product_tag?post=7675"}],"curies":[{"name":"wp","href":"https:\/\/api.w.org\/{rel}","templated":true}]}}