{"id":7799,"date":"2025-01-31T08:31:51","date_gmt":"2025-01-31T07:31:51","guid":{"rendered":"https:\/\/divainers.com\/producto\/divain-411\/"},"modified":"2026-04-30T09:47:56","modified_gmt":"2026-04-30T07:47:56","slug":"divain-411","status":"publish","type":"product","link":"https:\/\/divainers.com\/fi\/producto\/divain-411\/","title":{"rendered":"divain.411"},"content":{"rendered":"<p>Tuoksu, joka tasapainottaa raikkautta ja syvyytt\u00e4 kiehtovalla yhdistelm\u00e4ll\u00e4 aromaattisia ja pihkaisia s\u00e4vyj\u00e4. Alkutuoksu on eloisa ja mausteinen, mentolinen vivahde tuo raikasta ja energisoivaa tunnetta. Kehityksens\u00e4 aikana esiin tulee l\u00e4mmin ja maanl\u00e4heinen syd\u00e4n, jossa puun ja pihkan s\u00e4vyt kietoutuvat balsamisiin ja savuisiiin sointuihin. Pohja on rikas ja pitk\u00e4kestoinen, meripihka- ja nahkas\u00e4vyill\u00e4, jotka lis\u00e4\u00e4v\u00e4t kest\u00e4v\u00e4\u00e4 eleganssia. Ihanteellinen niille, jotka etsiv\u00e4t hienostunutta ja ymp\u00e4r\u00f6iv\u00e4\u00e4 tuoksua, jossa raikkauden ja l\u00e4mm\u00f6n v\u00e4lill\u00e4 on kiehtova kontrasti.<\/p>\n","protected":false},"excerpt":{"rendered":"<p>Muistuttaa Enclavea Amouagelta<\/p>\n","protected":false},"featured_media":7798,"comment_status":"open","ping_status":"closed","template":"","meta":[],"product_brand":[],"product_cat":[1557],"product_tag":[1379],"class_list":{"0":"post-7799","1":"product","2":"type-product","3":"status-publish","4":"has-post-thumbnail","6":"product_cat-amouage","7":"product_tag-unisex","9":"first","10":"instock","11":"shipping-taxable","12":"product-type-simple"},"_links":{"self":[{"href":"https:\/\/divainers.com\/fi\/wp-json\/wp\/v2\/product\/7799","targetHints":{"allow":["GET"]}}],"collection":[{"href":"https:\/\/divainers.com\/fi\/wp-json\/wp\/v2\/product"}],"about":[{"href":"https:\/\/divainers.com\/fi\/wp-json\/wp\/v2\/types\/product"}],"replies":[{"embeddable":true,"href":"https:\/\/divainers.com\/fi\/wp-json\/wp\/v2\/comments?post=7799"}],"wp:featuredmedia":[{"embeddable":true,"href":"https:\/\/divainers.com\/fi\/wp-json\/wp\/v2\/media\/7798"}],"wp:attachment":[{"href":"https:\/\/divainers.com\/fi\/wp-json\/wp\/v2\/media?parent=7799"}],"wp:term":[{"taxonomy":"product_brand","embeddable":true,"href":"https:\/\/divainers.com\/fi\/wp-json\/wp\/v2\/product_brand?post=7799"},{"taxonomy":"product_cat","embeddable":true,"href":"https:\/\/divainers.com\/fi\/wp-json\/wp\/v2\/product_cat?post=7799"},{"taxonomy":"product_tag","embeddable":true,"href":"https:\/\/divainers.com\/fi\/wp-json\/wp\/v2\/product_tag?post=7799"}],"curies":[{"name":"wp","href":"https:\/\/api.w.org\/{rel}","templated":true}]}}