{"id":7843,"date":"2025-01-31T08:31:51","date_gmt":"2025-01-31T07:31:51","guid":{"rendered":"https:\/\/divainers.com\/producto\/divain-153\/"},"modified":"2026-04-30T09:48:09","modified_gmt":"2026-04-30T07:48:09","slug":"divain-153","status":"publish","type":"product","link":"https:\/\/divainers.com\/fi\/producto\/divain-153\/","title":{"rendered":"divain.153"},"content":{"rendered":"<p>Elegantti ja ajaton tuoksu, joka kietoo aistit hienostuneella raikkaudellaan ja herk\u00e4ll\u00e4 naisellisuudellaan. Bergamotin ja mandariinin sitruksinen avaus tuo kirkkaan ja el\u00e4v\u00e4n tunteen. Syd\u00e4mess\u00e4 avautuu hienostunut kimppu freesiaa, kieloa ja jasmiinia, joka levitt\u00e4\u00e4 puhtaan ja hienovaraisesti viettelev\u00e4n kukkaistuoksun. Pohjalla valkoinen myski, amber ja santelipuu luovat pehme\u00e4n, l\u00e4mpim\u00e4n ja ymp\u00e4r\u00f6iv\u00e4n j\u00e4ljen, t\u00e4ydellisen hienostuneelle, luonnolliselle naiselle, jolla on hillitty mutta unohtumaton vieh\u00e4tys.<\/p>\n","protected":false},"excerpt":{"rendered":"<p>Muistuttaa Angel Schlesser Femme by Angel Schlesser<\/p>\n","protected":false},"featured_media":7839,"comment_status":"open","ping_status":"closed","template":"","meta":[],"product_brand":[],"product_cat":[1578],"product_tag":[1428],"class_list":{"0":"post-7843","1":"product","2":"type-product","3":"status-publish","4":"has-post-thumbnail","6":"product_cat-angel-schlesser","7":"product_tag-naiset","9":"first","10":"instock","11":"shipping-taxable","12":"product-type-simple"},"_links":{"self":[{"href":"https:\/\/divainers.com\/fi\/wp-json\/wp\/v2\/product\/7843","targetHints":{"allow":["GET"]}}],"collection":[{"href":"https:\/\/divainers.com\/fi\/wp-json\/wp\/v2\/product"}],"about":[{"href":"https:\/\/divainers.com\/fi\/wp-json\/wp\/v2\/types\/product"}],"replies":[{"embeddable":true,"href":"https:\/\/divainers.com\/fi\/wp-json\/wp\/v2\/comments?post=7843"}],"wp:featuredmedia":[{"embeddable":true,"href":"https:\/\/divainers.com\/fi\/wp-json\/wp\/v2\/media\/7839"}],"wp:attachment":[{"href":"https:\/\/divainers.com\/fi\/wp-json\/wp\/v2\/media?parent=7843"}],"wp:term":[{"taxonomy":"product_brand","embeddable":true,"href":"https:\/\/divainers.com\/fi\/wp-json\/wp\/v2\/product_brand?post=7843"},{"taxonomy":"product_cat","embeddable":true,"href":"https:\/\/divainers.com\/fi\/wp-json\/wp\/v2\/product_cat?post=7843"},{"taxonomy":"product_tag","embeddable":true,"href":"https:\/\/divainers.com\/fi\/wp-json\/wp\/v2\/product_tag?post=7843"}],"curies":[{"name":"wp","href":"https:\/\/api.w.org\/{rel}","templated":true}]}}