{"id":7884,"date":"2025-01-31T08:31:51","date_gmt":"2025-01-31T07:31:51","guid":{"rendered":"https:\/\/divainers.com\/producto\/divain-948\/"},"modified":"2026-04-30T09:48:24","modified_gmt":"2026-04-30T07:48:24","slug":"divain-948","status":"publish","type":"product","link":"https:\/\/divainers.com\/fi\/producto\/divain-948\/","title":{"rendered":"divain.948"},"content":{"rendered":"<p>Pehme\u00e4 ja ymp\u00e4r\u00f6iv\u00e4 tuoksu, joka her\u00e4tt\u00e4\u00e4 keveyden ja rauhallisuuden tunteen, kuin leijailisi pilvien keskell\u00e4 l\u00e4mpim\u00e4n\u00e4 p\u00e4iv\u00e4n\u00e4. Alusta l\u00e4htien laventelin ja p\u00e4\u00e4ryn\u00e4n hedelm\u00e4iset s\u00e4vyt tuovat raikkautta, jota pehment\u00e4\u00e4 kookoksen kermaisuus, lis\u00e4ten kevytt\u00e4 ja rentouttavaa makeutta. Tuoksun avautuessa jasmiinin ja kielon kukkaiset s\u00e4vyt tuovat hienostunutta ja naisellista eleganssia, luoden eteerisen pehmeyden, joka kietoo ihon. Pohjatuoksu, jossa on myski\u00e4 ja karamellia, antaa l\u00e4mpim\u00e4n ja lohduttavan pohjan, joka sulautuu kevyempiin s\u00e4vyihin j\u00e4tt\u00e4en j\u00e4ljen, joka on sek\u00e4 ymp\u00e4r\u00f6iv\u00e4 ett\u00e4 rentouttava. T\u00e4m\u00e4 tuoksu on t\u00e4ydellinen niille, jotka etsiv\u00e4t pehme\u00e4\u00e4, makeaa ja rauhallista tuoksuel\u00e4myst\u00e4, ihanteellinen jokap\u00e4iv\u00e4iseen k\u00e4ytt\u00f6\u00f6n, v\u00e4litt\u00e4en rauhan ja raikkauden tunteen.<\/p>\n","protected":false},"excerpt":{"rendered":"<p>Muistuttaa Cloudia Ariana Grandelta<\/p>\n","protected":false},"featured_media":7881,"comment_status":"open","ping_status":"closed","template":"","meta":[],"product_brand":[],"product_cat":[1599],"product_tag":[1428],"class_list":{"0":"post-7884","1":"product","2":"type-product","3":"status-publish","4":"has-post-thumbnail","6":"product_cat-ariana-grande","7":"product_tag-naiset","9":"first","10":"instock","11":"shipping-taxable","12":"product-type-simple"},"_links":{"self":[{"href":"https:\/\/divainers.com\/fi\/wp-json\/wp\/v2\/product\/7884","targetHints":{"allow":["GET"]}}],"collection":[{"href":"https:\/\/divainers.com\/fi\/wp-json\/wp\/v2\/product"}],"about":[{"href":"https:\/\/divainers.com\/fi\/wp-json\/wp\/v2\/types\/product"}],"replies":[{"embeddable":true,"href":"https:\/\/divainers.com\/fi\/wp-json\/wp\/v2\/comments?post=7884"}],"wp:featuredmedia":[{"embeddable":true,"href":"https:\/\/divainers.com\/fi\/wp-json\/wp\/v2\/media\/7881"}],"wp:attachment":[{"href":"https:\/\/divainers.com\/fi\/wp-json\/wp\/v2\/media?parent=7884"}],"wp:term":[{"taxonomy":"product_brand","embeddable":true,"href":"https:\/\/divainers.com\/fi\/wp-json\/wp\/v2\/product_brand?post=7884"},{"taxonomy":"product_cat","embeddable":true,"href":"https:\/\/divainers.com\/fi\/wp-json\/wp\/v2\/product_cat?post=7884"},{"taxonomy":"product_tag","embeddable":true,"href":"https:\/\/divainers.com\/fi\/wp-json\/wp\/v2\/product_tag?post=7884"}],"curies":[{"name":"wp","href":"https:\/\/api.w.org\/{rel}","templated":true}]}}