{"id":7925,"date":"2025-01-31T08:31:51","date_gmt":"2025-01-31T07:31:51","guid":{"rendered":"https:\/\/divainers.com\/producto\/divain-457\/"},"modified":"2026-04-30T09:48:39","modified_gmt":"2026-04-30T07:48:39","slug":"divain-457","status":"publish","type":"product","link":"https:\/\/divainers.com\/fi\/producto\/divain-457\/","title":{"rendered":"divain.457"},"content":{"rendered":"<p>Rohkea ja magnetoiva tuoksu, joka huokuu eleganssia ja luonnetta jokaisessa nuotissa. Alkutuoksu on raikas ja sitruksinen, sitruunan, ananaksen ja bergamotin r\u00e4j\u00e4hdyksell\u00e4, joka her\u00e4tt\u00e4\u00e4 aistit intensiivisell\u00e4 raikkaudella. Syd\u00e4mess\u00e4 koivu ja jasmiini tuovat syvyytt\u00e4 ja hienostuneen savuisen vivahteen, her\u00e4tt\u00e4en esiin hienostuneen ja itsevarman maskuliinisuuden. Lopuksi ymp\u00e4r\u00f6iv\u00e4 pohja harmaasta meripihkasta, myski ja patsulista j\u00e4tt\u00e4\u00e4 kest\u00e4v\u00e4n, viettelev\u00e4n ja voimakkaan j\u00e4ljen. Vaikuttava ja hienostunut tuoksu, ihanteellinen niille, jotka etsiv\u00e4t intensiivist\u00e4, monipuolista ja tunnistettavaa l\u00e4sn\u00e4oloa.<\/p>\n","protected":false},"excerpt":{"rendered":"<p>Muistuttaa Club de Nuit Intense Man de Armaf<\/p>\n","protected":false},"featured_media":7923,"comment_status":"open","ping_status":"closed","template":"","meta":[],"product_brand":[],"product_cat":[1619],"product_tag":[1344],"class_list":{"0":"post-7925","1":"product","2":"type-product","3":"status-publish","4":"has-post-thumbnail","6":"product_cat-armaf","7":"product_tag-miehet","9":"first","10":"instock","11":"shipping-taxable","12":"product-type-simple"},"_links":{"self":[{"href":"https:\/\/divainers.com\/fi\/wp-json\/wp\/v2\/product\/7925","targetHints":{"allow":["GET"]}}],"collection":[{"href":"https:\/\/divainers.com\/fi\/wp-json\/wp\/v2\/product"}],"about":[{"href":"https:\/\/divainers.com\/fi\/wp-json\/wp\/v2\/types\/product"}],"replies":[{"embeddable":true,"href":"https:\/\/divainers.com\/fi\/wp-json\/wp\/v2\/comments?post=7925"}],"wp:featuredmedia":[{"embeddable":true,"href":"https:\/\/divainers.com\/fi\/wp-json\/wp\/v2\/media\/7923"}],"wp:attachment":[{"href":"https:\/\/divainers.com\/fi\/wp-json\/wp\/v2\/media?parent=7925"}],"wp:term":[{"taxonomy":"product_brand","embeddable":true,"href":"https:\/\/divainers.com\/fi\/wp-json\/wp\/v2\/product_brand?post=7925"},{"taxonomy":"product_cat","embeddable":true,"href":"https:\/\/divainers.com\/fi\/wp-json\/wp\/v2\/product_cat?post=7925"},{"taxonomy":"product_tag","embeddable":true,"href":"https:\/\/divainers.com\/fi\/wp-json\/wp\/v2\/product_tag?post=7925"}],"curies":[{"name":"wp","href":"https:\/\/api.w.org\/{rel}","templated":true}]}}