{"id":7967,"date":"2025-01-31T08:31:51","date_gmt":"2025-01-31T07:31:51","guid":{"rendered":"https:\/\/divainers.com\/producto\/divain-890\/"},"modified":"2026-04-30T09:48:57","modified_gmt":"2026-04-30T07:48:57","slug":"divain-890","status":"publish","type":"product","link":"https:\/\/divainers.com\/fi\/producto\/divain-890\/","title":{"rendered":"divain.890"},"content":{"rendered":"<p>Kuvittele tuoksu, joka kietoo sinut l\u00e4mpim\u00e4\u00e4n ja eksoottiseen ilmapiiriin, jossa makeat ja mausteiset s\u00e4vyt kietoutuvat arvokkaiden puiden ja vaniljan kanssa. T\u00e4m\u00e4 tuoksu avautuu mehukkaalla luumulla ja ripauksella kanelia, tuoden mausteista makeutta. Syd\u00e4mess\u00e4 heliotrooppi ja taateli tarjoavat pehme\u00e4n kukkaisen ja hedelm\u00e4isen vivahteen, kun taas patsuli lis\u00e4\u00e4 maanl\u00e4heist\u00e4 syvyytt\u00e4. Guajakipuun, santelipuun ja vaniljan pohja luo l\u00e4mpim\u00e4n ja lohduttavan j\u00e4ljen, joka her\u00e4tt\u00e4\u00e4 it\u00e4maisten kauppareittien rikkauden mieleen. T\u00e4m\u00e4 koostumus tarjoaa tuoksuel\u00e4myksen, joka yhdist\u00e4\u00e4 makeat, mausteiset ja puumaiset s\u00e4vyt t\u00e4ydellisess\u00e4 harmoniassa.<\/p>\n","protected":false},"excerpt":{"rendered":"<p>Muistuttaa Rouge Sar\u00e2y Atelier des Orsilta<\/p>\n","protected":false},"featured_media":7966,"comment_status":"open","ping_status":"closed","template":"","meta":[],"product_brand":[],"product_cat":[1640],"product_tag":[1408],"class_list":{"0":"post-7967","1":"product","2":"type-product","3":"status-publish","4":"has-post-thumbnail","6":"product_cat-atelier-des-ors","7":"product_tag-unisex","9":"first","10":"instock","11":"shipping-taxable","12":"product-type-simple"},"_links":{"self":[{"href":"https:\/\/divainers.com\/fi\/wp-json\/wp\/v2\/product\/7967","targetHints":{"allow":["GET"]}}],"collection":[{"href":"https:\/\/divainers.com\/fi\/wp-json\/wp\/v2\/product"}],"about":[{"href":"https:\/\/divainers.com\/fi\/wp-json\/wp\/v2\/types\/product"}],"replies":[{"embeddable":true,"href":"https:\/\/divainers.com\/fi\/wp-json\/wp\/v2\/comments?post=7967"}],"wp:featuredmedia":[{"embeddable":true,"href":"https:\/\/divainers.com\/fi\/wp-json\/wp\/v2\/media\/7966"}],"wp:attachment":[{"href":"https:\/\/divainers.com\/fi\/wp-json\/wp\/v2\/media?parent=7967"}],"wp:term":[{"taxonomy":"product_brand","embeddable":true,"href":"https:\/\/divainers.com\/fi\/wp-json\/wp\/v2\/product_brand?post=7967"},{"taxonomy":"product_cat","embeddable":true,"href":"https:\/\/divainers.com\/fi\/wp-json\/wp\/v2\/product_cat?post=7967"},{"taxonomy":"product_tag","embeddable":true,"href":"https:\/\/divainers.com\/fi\/wp-json\/wp\/v2\/product_tag?post=7967"}],"curies":[{"name":"wp","href":"https:\/\/api.w.org\/{rel}","templated":true}]}}