{"id":8051,"date":"2025-01-31T08:31:52","date_gmt":"2025-01-31T07:31:52","guid":{"rendered":"https:\/\/divainers.com\/producto\/divain-240\/"},"modified":"2026-04-30T09:49:22","modified_gmt":"2026-04-30T07:49:22","slug":"divain-240","status":"publish","type":"product","link":"https:\/\/divainers.com\/fi\/producto\/divain-240\/","title":{"rendered":"divain.240"},"content":{"rendered":"<p>El\u00e4v\u00e4inen ja rohkea tuoksu, suunniteltu ulosp\u00e4insuuntautuneelle ja energiselle miehelle. Alkutuoksussa raikkautta ja mausteisuutta sitruunan, inkiv\u00e4\u00e4rin ja mintun s\u00e4vyill\u00e4, jotka her\u00e4tt\u00e4v\u00e4t aistit ja tuovat dynaamisuutta. Tuoksun syd\u00e4n on l\u00e4mmin ja aromaattinen, laventelin, kanelin ja kardemumman yhdistelm\u00e4 luo tasapainon pehmeyden ja intensiteetin v\u00e4lille. Pohjalla puumaiset ja balsamiset tonkan, santelipuun ja nahan s\u00e4vyt kietovat ihon hienostuneisuuden ja sensuaalisuuden j\u00e4ljell\u00e4. Ihanteellinen erityisiin tilaisuuksiin, t\u00e4m\u00e4 tuoksu heijastaa rohkeutta ja itsevarmuutta, t\u00e4ydellinen niille, jotka haluavat erottua unohtumattomalla l\u00e4sn\u00e4ololla.<\/p>\n","protected":false},"excerpt":{"rendered":"<p>Muistuttaa Azzaro Wanted by Azzaro<\/p>\n","protected":false},"featured_media":8050,"comment_status":"open","ping_status":"closed","template":"","meta":[],"product_brand":[],"product_cat":[61],"product_tag":[25],"class_list":{"0":"post-8051","1":"product","2":"type-product","3":"status-publish","4":"has-post-thumbnail","6":"product_cat-azzaro","7":"product_tag-hombre","9":"first","10":"instock","11":"shipping-taxable","12":"product-type-simple"},"_links":{"self":[{"href":"https:\/\/divainers.com\/fi\/wp-json\/wp\/v2\/product\/8051","targetHints":{"allow":["GET"]}}],"collection":[{"href":"https:\/\/divainers.com\/fi\/wp-json\/wp\/v2\/product"}],"about":[{"href":"https:\/\/divainers.com\/fi\/wp-json\/wp\/v2\/types\/product"}],"replies":[{"embeddable":true,"href":"https:\/\/divainers.com\/fi\/wp-json\/wp\/v2\/comments?post=8051"}],"wp:featuredmedia":[{"embeddable":true,"href":"https:\/\/divainers.com\/fi\/wp-json\/wp\/v2\/media\/8050"}],"wp:attachment":[{"href":"https:\/\/divainers.com\/fi\/wp-json\/wp\/v2\/media?parent=8051"}],"wp:term":[{"taxonomy":"product_brand","embeddable":true,"href":"https:\/\/divainers.com\/fi\/wp-json\/wp\/v2\/product_brand?post=8051"},{"taxonomy":"product_cat","embeddable":true,"href":"https:\/\/divainers.com\/fi\/wp-json\/wp\/v2\/product_cat?post=8051"},{"taxonomy":"product_tag","embeddable":true,"href":"https:\/\/divainers.com\/fi\/wp-json\/wp\/v2\/product_tag?post=8051"}],"curies":[{"name":"wp","href":"https:\/\/api.w.org\/{rel}","templated":true}]}}