{"id":8093,"date":"2025-01-31T08:31:53","date_gmt":"2025-01-31T07:31:53","guid":{"rendered":"https:\/\/divainers.com\/producto\/divain-715\/"},"modified":"2026-04-30T09:49:32","modified_gmt":"2026-04-30T07:49:32","slug":"divain-715","status":"publish","type":"product","link":"https:\/\/divainers.com\/fi\/producto\/divain-715\/","title":{"rendered":"divain.715"},"content":{"rendered":"<p>Se on raikas ja moderni kukkaistuoksu, jolle on ominaista vihreiden ja kukkaisten s\u00e4vyjen kontrasti. Alkutuoksu on raikas ja kevyt, mintun vivahteella, joka sulautuu syd\u00e4ntuoksussa ruusun ja neilikan kanssa, luoden tunteen raikkaasta ja ymp\u00e4r\u00f6iv\u00e4st\u00e4 niitynkukasta. Kun tuoksu kehittyy, pohjatuoksun meripihka ja vetiver tuovat maanl\u00e4heist\u00e4 ja hienostunutta syvyytt\u00e4, tasapainottaen kukkien raikkautta. Se on elegantti ja nykyaikainen tuoksu, ihanteellinen niille, jotka etsiv\u00e4t jotain naisellista, mutta rohkealla ja modernilla vivahteella.<\/p>\n","protected":false},"excerpt":{"rendered":"<p>Muistuttaa Florabotanicaa Balenciagalta<\/p>\n","protected":false},"featured_media":8092,"comment_status":"open","ping_status":"closed","template":"","meta":[],"product_brand":[],"product_cat":[1704],"product_tag":[1428],"class_list":{"0":"post-8093","1":"product","2":"type-product","3":"status-publish","4":"has-post-thumbnail","6":"product_cat-balenciaga","7":"product_tag-naiset","9":"first","10":"instock","11":"shipping-taxable","12":"product-type-simple"},"_links":{"self":[{"href":"https:\/\/divainers.com\/fi\/wp-json\/wp\/v2\/product\/8093","targetHints":{"allow":["GET"]}}],"collection":[{"href":"https:\/\/divainers.com\/fi\/wp-json\/wp\/v2\/product"}],"about":[{"href":"https:\/\/divainers.com\/fi\/wp-json\/wp\/v2\/types\/product"}],"replies":[{"embeddable":true,"href":"https:\/\/divainers.com\/fi\/wp-json\/wp\/v2\/comments?post=8093"}],"wp:featuredmedia":[{"embeddable":true,"href":"https:\/\/divainers.com\/fi\/wp-json\/wp\/v2\/media\/8092"}],"wp:attachment":[{"href":"https:\/\/divainers.com\/fi\/wp-json\/wp\/v2\/media?parent=8093"}],"wp:term":[{"taxonomy":"product_brand","embeddable":true,"href":"https:\/\/divainers.com\/fi\/wp-json\/wp\/v2\/product_brand?post=8093"},{"taxonomy":"product_cat","embeddable":true,"href":"https:\/\/divainers.com\/fi\/wp-json\/wp\/v2\/product_cat?post=8093"},{"taxonomy":"product_tag","embeddable":true,"href":"https:\/\/divainers.com\/fi\/wp-json\/wp\/v2\/product_tag?post=8093"}],"curies":[{"name":"wp","href":"https:\/\/api.w.org\/{rel}","templated":true}]}}