{"id":8135,"date":"2025-01-31T08:31:53","date_gmt":"2025-01-31T07:31:53","guid":{"rendered":"https:\/\/divainers.com\/producto\/divain-412\/"},"modified":"2026-04-30T09:49:41","modified_gmt":"2026-04-30T07:49:41","slug":"divain-412","status":"publish","type":"product","link":"https:\/\/divainers.com\/fi\/producto\/divain-412\/","title":{"rendered":"divain.412"},"content":{"rendered":"<p>Ylellinen ja koukuttava tuoksu, joka yhdist\u00e4\u00e4 tupakan mausteisen l\u00e4mm\u00f6n ruusun samettiseen sensuaalisuuteen. Alusta alkaen mausteiset ja makeat s\u00e4vyt kietovat aistit, luoden intensiivisen ja mukaansatempaavan kokemuksen. Syd\u00e4mess\u00e4 ruusu avautuu syv\u00e4ll\u00e4 ja hieman tummalla luonteella, jota s\u00e4est\u00e4v\u00e4t meripihkaiset ja pihkaiset vivahteet korostaen sen rikkautta. Pohja on tiivis ja viettelev\u00e4, kaakaon, myskiin ja kermaisten puiden soinnuilla, jotka j\u00e4tt\u00e4v\u00e4t hienostuneen ja pitk\u00e4kestoisen j\u00e4ljen. T\u00e4ydellinen niille, jotka etsiv\u00e4t rohkeaa, eleganttia ja luonnetta t\u00e4ynn\u00e4 olevaa tuoksua.<\/p>\n","protected":false},"excerpt":{"rendered":"<p>Muistuttaa Tabac Rosea BDK Parfumsilta<\/p>\n","protected":false},"featured_media":8133,"comment_status":"open","ping_status":"closed","template":"","meta":[],"product_brand":[],"product_cat":[1725],"product_tag":[1408],"class_list":{"0":"post-8135","1":"product","2":"type-product","3":"status-publish","4":"has-post-thumbnail","6":"product_cat-bdk-parfums","7":"product_tag-unisex","9":"first","10":"instock","11":"shipping-taxable","12":"product-type-simple"},"_links":{"self":[{"href":"https:\/\/divainers.com\/fi\/wp-json\/wp\/v2\/product\/8135","targetHints":{"allow":["GET"]}}],"collection":[{"href":"https:\/\/divainers.com\/fi\/wp-json\/wp\/v2\/product"}],"about":[{"href":"https:\/\/divainers.com\/fi\/wp-json\/wp\/v2\/types\/product"}],"replies":[{"embeddable":true,"href":"https:\/\/divainers.com\/fi\/wp-json\/wp\/v2\/comments?post=8135"}],"wp:featuredmedia":[{"embeddable":true,"href":"https:\/\/divainers.com\/fi\/wp-json\/wp\/v2\/media\/8133"}],"wp:attachment":[{"href":"https:\/\/divainers.com\/fi\/wp-json\/wp\/v2\/media?parent=8135"}],"wp:term":[{"taxonomy":"product_brand","embeddable":true,"href":"https:\/\/divainers.com\/fi\/wp-json\/wp\/v2\/product_brand?post=8135"},{"taxonomy":"product_cat","embeddable":true,"href":"https:\/\/divainers.com\/fi\/wp-json\/wp\/v2\/product_cat?post=8135"},{"taxonomy":"product_tag","embeddable":true,"href":"https:\/\/divainers.com\/fi\/wp-json\/wp\/v2\/product_tag?post=8135"}],"curies":[{"name":"wp","href":"https:\/\/api.w.org\/{rel}","templated":true}]}}