{"id":8176,"date":"2025-01-31T08:33:36","date_gmt":"2025-01-31T07:33:36","guid":{"rendered":"https:\/\/divainers.com\/producto\/divain-077\/"},"modified":"2026-04-30T09:49:49","modified_gmt":"2026-04-30T07:49:49","slug":"divain-077","status":"publish","type":"product","link":"https:\/\/divainers.com\/fi\/producto\/divain-077\/","title":{"rendered":"divain.077"},"content":{"rendered":"<p>Nuorekas ja elinvoimainen tuoksu, joka vangitsee ilon ja spontaaniuden jokaisessa nuotissa. Sen kupliva avaustuoksu persikasta, aprikoosista ja mustaherukasta tuo hedelm\u00e4ist\u00e4 ja valoisaa makeutta. Syd\u00e4mess\u00e4 freesia, violetti ja kielo kietovat tuoksun pehme\u00e4\u00e4n ja romanttiseen naisellisuuteen. Pohjalla santelipuu, vanilja ja myski luovat l\u00e4mpim\u00e4n ja kutsuvan j\u00e4ljen, t\u00e4ydellisen hauskalle, vapaalle ja energiselle naiselle.<\/p>\n","protected":false},"excerpt":{"rendered":"<p>Muistuttaa Red Jeansia, Versace<\/p>\n","protected":false},"featured_media":8174,"comment_status":"open","ping_status":"closed","template":"","meta":[],"product_brand":[],"product_cat":[1744],"product_tag":[1428],"class_list":{"0":"post-8176","1":"product","2":"type-product","3":"status-publish","4":"has-post-thumbnail","6":"product_cat-versace","7":"product_tag-naiset","9":"first","10":"instock","11":"shipping-taxable","12":"product-type-simple"},"_links":{"self":[{"href":"https:\/\/divainers.com\/fi\/wp-json\/wp\/v2\/product\/8176","targetHints":{"allow":["GET"]}}],"collection":[{"href":"https:\/\/divainers.com\/fi\/wp-json\/wp\/v2\/product"}],"about":[{"href":"https:\/\/divainers.com\/fi\/wp-json\/wp\/v2\/types\/product"}],"replies":[{"embeddable":true,"href":"https:\/\/divainers.com\/fi\/wp-json\/wp\/v2\/comments?post=8176"}],"wp:featuredmedia":[{"embeddable":true,"href":"https:\/\/divainers.com\/fi\/wp-json\/wp\/v2\/media\/8174"}],"wp:attachment":[{"href":"https:\/\/divainers.com\/fi\/wp-json\/wp\/v2\/media?parent=8176"}],"wp:term":[{"taxonomy":"product_brand","embeddable":true,"href":"https:\/\/divainers.com\/fi\/wp-json\/wp\/v2\/product_brand?post=8176"},{"taxonomy":"product_cat","embeddable":true,"href":"https:\/\/divainers.com\/fi\/wp-json\/wp\/v2\/product_cat?post=8176"},{"taxonomy":"product_tag","embeddable":true,"href":"https:\/\/divainers.com\/fi\/wp-json\/wp\/v2\/product_tag?post=8176"}],"curies":[{"name":"wp","href":"https:\/\/api.w.org\/{rel}","templated":true}]}}