{"id":8220,"date":"2025-01-31T08:31:53","date_gmt":"2025-01-31T07:31:53","guid":{"rendered":"https:\/\/divainers.com\/producto\/divain-447\/"},"modified":"2026-04-30T09:50:00","modified_gmt":"2026-04-30T07:50:00","slug":"divain-447","status":"publish","type":"product","link":"https:\/\/divainers.com\/fi\/producto\/divain-447\/","title":{"rendered":"divain.447"},"content":{"rendered":"<p>Majesteettinen ja voimakas tuoksu, joka huokuu itsevarmuutta ja hienostuneisuutta jokaisessa nuotissa. Alkutuoksu on eloisa ja mausteinen, bergamotin ja pippurin r\u00e4j\u00e4hdyksell\u00e4, joka her\u00e4tt\u00e4\u00e4 aistit energialla ja eleganssilla. Syd\u00e4mess\u00e4 meripihka ja laventeli sulautuvat jalojen puiden kanssa, tuoden syvyytt\u00e4 ja arvokkuutta. Lopuksi l\u00e4mmin pohja vaniljasta, mysksest\u00e4 ja oudista j\u00e4tt\u00e4\u00e4 ymp\u00e4r\u00f6iv\u00e4n, intensiivisen ja viettelev\u00e4n j\u00e4ljen. Rohkea ja magneettinen hajuvesi, t\u00e4ydellinen niille, jotka etsiv\u00e4t tuoksua, jossa on luonnetta, l\u00e4sn\u00e4oloa ja vaikuttavaa eleganssia.<\/p>\n","protected":false},"excerpt":{"rendered":"<p>Muistuttaa Kingi\u00e4 merkilt\u00e4 Bharara<\/p>\n","protected":false},"featured_media":8215,"comment_status":"open","ping_status":"closed","template":"","meta":[],"product_brand":[],"product_cat":[1770],"product_tag":[1370],"class_list":{"0":"post-8220","1":"product","2":"type-product","3":"status-publish","4":"has-post-thumbnail","6":"product_cat-bharara","7":"product_tag-uomo","9":"first","10":"instock","11":"shipping-taxable","12":"product-type-simple"},"_links":{"self":[{"href":"https:\/\/divainers.com\/fi\/wp-json\/wp\/v2\/product\/8220","targetHints":{"allow":["GET"]}}],"collection":[{"href":"https:\/\/divainers.com\/fi\/wp-json\/wp\/v2\/product"}],"about":[{"href":"https:\/\/divainers.com\/fi\/wp-json\/wp\/v2\/types\/product"}],"replies":[{"embeddable":true,"href":"https:\/\/divainers.com\/fi\/wp-json\/wp\/v2\/comments?post=8220"}],"wp:featuredmedia":[{"embeddable":true,"href":"https:\/\/divainers.com\/fi\/wp-json\/wp\/v2\/media\/8215"}],"wp:attachment":[{"href":"https:\/\/divainers.com\/fi\/wp-json\/wp\/v2\/media?parent=8220"}],"wp:term":[{"taxonomy":"product_brand","embeddable":true,"href":"https:\/\/divainers.com\/fi\/wp-json\/wp\/v2\/product_brand?post=8220"},{"taxonomy":"product_cat","embeddable":true,"href":"https:\/\/divainers.com\/fi\/wp-json\/wp\/v2\/product_cat?post=8220"},{"taxonomy":"product_tag","embeddable":true,"href":"https:\/\/divainers.com\/fi\/wp-json\/wp\/v2\/product_tag?post=8220"}],"curies":[{"name":"wp","href":"https:\/\/api.w.org\/{rel}","templated":true}]}}