{"id":829,"date":"2025-01-31T08:32:51","date_gmt":"2025-01-31T07:32:51","guid":{"rendered":"https:\/\/divainers.com\/producto\/divain-271\/"},"modified":"2026-03-16T16:07:55","modified_gmt":"2026-03-16T15:07:55","slug":"divain-271","status":"publish","type":"product","link":"https:\/\/divainers.com\/fi\/producto\/divain-271\/","title":{"rendered":"divain.271"},"content":{"rendered":"<p>Es una fragancia femenina que destaca por su car\u00e1cter c\u00e1lido, oriental y envolvente. En su apertura, tiene notas frescas y florales de flor de la pasi\u00f3n, jazm\u00edn y flor de magnolia. En el coraz\u00f3n, se mezclan con una rica base de vainilla, pachul\u00ed y s\u00e1ndalo, creando una estela sensual y misteriosa. Es un perfume seductor, dise\u00f1ado para mujeres que buscan un aroma con presencia y profundidad, ideal para la noche o ocasiones especiales.<\/p>\n","protected":false},"excerpt":{"rendered":"<p>Recuerda a Hypn\u00f4se de Lanc\u00f4me<\/p>\n","protected":false},"featured_media":3736,"comment_status":"open","ping_status":"closed","template":"","meta":[],"product_brand":[],"product_cat":[596],"product_tag":[1368],"class_list":{"0":"post-829","1":"product","2":"type-product","3":"status-publish","4":"has-post-thumbnail","6":"product_cat-lancome","7":"product_tag-viriesi","9":"first","10":"instock","11":"shipping-taxable","12":"product-type-simple"},"_links":{"self":[{"href":"https:\/\/divainers.com\/fi\/wp-json\/wp\/v2\/product\/829","targetHints":{"allow":["GET"]}}],"collection":[{"href":"https:\/\/divainers.com\/fi\/wp-json\/wp\/v2\/product"}],"about":[{"href":"https:\/\/divainers.com\/fi\/wp-json\/wp\/v2\/types\/product"}],"replies":[{"embeddable":true,"href":"https:\/\/divainers.com\/fi\/wp-json\/wp\/v2\/comments?post=829"}],"wp:featuredmedia":[{"embeddable":true,"href":"https:\/\/divainers.com\/fi\/wp-json\/wp\/v2\/media\/3736"}],"wp:attachment":[{"href":"https:\/\/divainers.com\/fi\/wp-json\/wp\/v2\/media?parent=829"}],"wp:term":[{"taxonomy":"product_brand","embeddable":true,"href":"https:\/\/divainers.com\/fi\/wp-json\/wp\/v2\/product_brand?post=829"},{"taxonomy":"product_cat","embeddable":true,"href":"https:\/\/divainers.com\/fi\/wp-json\/wp\/v2\/product_cat?post=829"},{"taxonomy":"product_tag","embeddable":true,"href":"https:\/\/divainers.com\/fi\/wp-json\/wp\/v2\/product_tag?post=829"}],"curies":[{"name":"wp","href":"https:\/\/api.w.org\/{rel}","templated":true}]}}