{"id":8385,"date":"2025-01-31T08:31:53","date_gmt":"2025-01-31T07:31:53","guid":{"rendered":"https:\/\/divainers.com\/producto\/divain-823\/"},"modified":"2026-04-30T09:50:54","modified_gmt":"2026-04-30T07:50:54","slug":"divain-823","status":"publish","type":"product","link":"https:\/\/divainers.com\/fi\/producto\/divain-823\/","title":{"rendered":"divain.823"},"content":{"rendered":"<p>T\u00e4m\u00e4 unisex-tuoksu erottuu kukkaisella chypre-aromillaan, jossa vaaleanpunaisen pippurin ja bergamotin s\u00e4vyt avautuvat Sambac-jasmiinin syd\u00e4meen. Pohjatuoksussa nahka, tammen sammal ja patsuli tuovat syvyytt\u00e4 ja hienostuneisuutta. T\u00e4ydellinen niille, jotka etsiv\u00e4t tuoksua, joka yhdist\u00e4\u00e4 eleganssin ja sensuaalisuuden joka tilanteeseen.<\/p>\n","protected":false},"excerpt":{"rendered":"<p>Muistuttaa Bottega Venetaa Bottega Venetalta<\/p>\n","protected":false},"featured_media":8383,"comment_status":"open","ping_status":"closed","template":"","meta":[],"product_brand":[],"product_cat":[1848],"product_tag":[1428],"class_list":{"0":"post-8385","1":"product","2":"type-product","3":"status-publish","4":"has-post-thumbnail","6":"product_cat-bottega-veneta","7":"product_tag-naiset","9":"first","10":"instock","11":"shipping-taxable","12":"product-type-simple"},"_links":{"self":[{"href":"https:\/\/divainers.com\/fi\/wp-json\/wp\/v2\/product\/8385","targetHints":{"allow":["GET"]}}],"collection":[{"href":"https:\/\/divainers.com\/fi\/wp-json\/wp\/v2\/product"}],"about":[{"href":"https:\/\/divainers.com\/fi\/wp-json\/wp\/v2\/types\/product"}],"replies":[{"embeddable":true,"href":"https:\/\/divainers.com\/fi\/wp-json\/wp\/v2\/comments?post=8385"}],"wp:featuredmedia":[{"embeddable":true,"href":"https:\/\/divainers.com\/fi\/wp-json\/wp\/v2\/media\/8383"}],"wp:attachment":[{"href":"https:\/\/divainers.com\/fi\/wp-json\/wp\/v2\/media?parent=8385"}],"wp:term":[{"taxonomy":"product_brand","embeddable":true,"href":"https:\/\/divainers.com\/fi\/wp-json\/wp\/v2\/product_brand?post=8385"},{"taxonomy":"product_cat","embeddable":true,"href":"https:\/\/divainers.com\/fi\/wp-json\/wp\/v2\/product_cat?post=8385"},{"taxonomy":"product_tag","embeddable":true,"href":"https:\/\/divainers.com\/fi\/wp-json\/wp\/v2\/product_tag?post=8385"}],"curies":[{"name":"wp","href":"https:\/\/api.w.org\/{rel}","templated":true}]}}